{"id":27890,"date":"2025-12-11T13:52:08","date_gmt":"2025-12-11T10:52:08","guid":{"rendered":"https:\/\/beyazbutik.com\/?post_type=product&#038;p=27890"},"modified":"2025-12-11T14:00:02","modified_gmt":"2025-12-11T11:00:02","slug":"amarante","status":"publish","type":"product","link":"https:\/\/beyazbutik.com\/ar\/product\/amarante\/","title":{"rendered":"Amarante"},"content":{"rendered":"","protected":false},"excerpt":{"rendered":"<p>Korse detayl\u0131 d\u00fc\u015f\u00fck omuz g\u00f6vdesi ve \u0131\u015f\u0131lt\u0131l\u0131 etek dokusuyla modern ve g\u00f6steri\u015fli bir prenses kesim gelinlik modeli.<\/p>\n","protected":false},"featured_media":27892,"template":"","meta":[],"product_brand":[],"product_cat":[313],"product_tag":[],"class_list":{"0":"post-27890","1":"product","2":"type-product","3":"status-publish","4":"has-post-thumbnail","6":"product_cat-prelude","8":"first","9":"instock","10":"shipping-taxable","11":"product-type-simple"},"_links":{"self":[{"href":"https:\/\/beyazbutik.com\/ar\/wp-json\/wp\/v2\/product\/27890","targetHints":{"allow":["GET"]}}],"collection":[{"href":"https:\/\/beyazbutik.com\/ar\/wp-json\/wp\/v2\/product"}],"about":[{"href":"https:\/\/beyazbutik.com\/ar\/wp-json\/wp\/v2\/types\/product"}],"version-history":[{"count":1,"href":"https:\/\/beyazbutik.com\/ar\/wp-json\/wp\/v2\/product\/27890\/revisions"}],"predecessor-version":[{"id":27898,"href":"https:\/\/beyazbutik.com\/ar\/wp-json\/wp\/v2\/product\/27890\/revisions\/27898"}],"wp:featuredmedia":[{"embeddable":true,"href":"https:\/\/beyazbutik.com\/ar\/wp-json\/wp\/v2\/media\/27892"}],"wp:attachment":[{"href":"https:\/\/beyazbutik.com\/ar\/wp-json\/wp\/v2\/media?parent=27890"}],"wp:term":[{"taxonomy":"product_brand","embeddable":true,"href":"https:\/\/beyazbutik.com\/ar\/wp-json\/wp\/v2\/product_brand?post=27890"},{"taxonomy":"product_cat","embeddable":true,"href":"https:\/\/beyazbutik.com\/ar\/wp-json\/wp\/v2\/product_cat?post=27890"},{"taxonomy":"product_tag","embeddable":true,"href":"https:\/\/beyazbutik.com\/ar\/wp-json\/wp\/v2\/product_tag?post=27890"}],"curies":[{"name":"wp","href":"https:\/\/api.w.org\/{rel}","templated":true}]}}