{"id":27900,"date":"2025-12-11T14:18:23","date_gmt":"2025-12-11T11:18:23","guid":{"rendered":"https:\/\/beyazbutik.com\/?post_type=product&#038;p=27900"},"modified":"2025-12-11T14:29:37","modified_gmt":"2025-12-11T11:29:37","slug":"elysia","status":"publish","type":"product","link":"https:\/\/beyazbutik.com\/ar\/product\/elysia\/","title":{"rendered":"Elysia"},"content":{"rendered":"","protected":false},"excerpt":{"rendered":"<p>D\u00fc\u015f\u00fck omuz dantel g\u00f6vdesi ve zarif bal\u0131k kesimiyle sade \u015f\u0131kl\u0131\u011f\u0131 \u00f6ne \u00e7\u0131karan romantik bir gelinlik modeli.<\/p>\n","protected":false},"featured_media":27902,"template":"","meta":[],"product_brand":[],"product_cat":[313],"product_tag":[],"class_list":{"0":"post-27900","1":"product","2":"type-product","3":"status-publish","4":"has-post-thumbnail","6":"product_cat-prelude","8":"first","9":"instock","10":"shipping-taxable","11":"product-type-simple"},"_links":{"self":[{"href":"https:\/\/beyazbutik.com\/ar\/wp-json\/wp\/v2\/product\/27900","targetHints":{"allow":["GET"]}}],"collection":[{"href":"https:\/\/beyazbutik.com\/ar\/wp-json\/wp\/v2\/product"}],"about":[{"href":"https:\/\/beyazbutik.com\/ar\/wp-json\/wp\/v2\/types\/product"}],"version-history":[{"count":1,"href":"https:\/\/beyazbutik.com\/ar\/wp-json\/wp\/v2\/product\/27900\/revisions"}],"predecessor-version":[{"id":27906,"href":"https:\/\/beyazbutik.com\/ar\/wp-json\/wp\/v2\/product\/27900\/revisions\/27906"}],"wp:featuredmedia":[{"embeddable":true,"href":"https:\/\/beyazbutik.com\/ar\/wp-json\/wp\/v2\/media\/27902"}],"wp:attachment":[{"href":"https:\/\/beyazbutik.com\/ar\/wp-json\/wp\/v2\/media?parent=27900"}],"wp:term":[{"taxonomy":"product_brand","embeddable":true,"href":"https:\/\/beyazbutik.com\/ar\/wp-json\/wp\/v2\/product_brand?post=27900"},{"taxonomy":"product_cat","embeddable":true,"href":"https:\/\/beyazbutik.com\/ar\/wp-json\/wp\/v2\/product_cat?post=27900"},{"taxonomy":"product_tag","embeddable":true,"href":"https:\/\/beyazbutik.com\/ar\/wp-json\/wp\/v2\/product_tag?post=27900"}],"curies":[{"name":"wp","href":"https:\/\/api.w.org\/{rel}","templated":true}]}}