{"id":27907,"date":"2025-12-11T14:29:58","date_gmt":"2025-12-11T11:29:58","guid":{"rendered":"https:\/\/beyazbutik.com\/?post_type=product&#038;p=27907"},"modified":"2025-12-15T18:59:34","modified_gmt":"2025-12-15T15:59:34","slug":"mirelle","status":"publish","type":"product","link":"https:\/\/beyazbutik.com\/ar\/product\/mirelle\/","title":{"rendered":"Mirelle"},"content":{"rendered":"","protected":false},"excerpt":{"rendered":"<p>D\u00fc\u015f\u00fck omuz dantel g\u00f6vdesi ve zarif bal\u0131k kesimiyle sade \u015f\u0131kl\u0131\u011f\u0131 \u00f6ne \u00e7\u0131karan romantik bir gelinlik modeli.<\/p>\n","protected":false},"featured_media":27909,"template":"","meta":[],"product_brand":[],"product_cat":[313],"product_tag":[],"class_list":{"0":"post-27907","1":"product","2":"type-product","3":"status-publish","4":"has-post-thumbnail","6":"product_cat-prelude","8":"first","9":"instock","10":"shipping-taxable","11":"product-type-simple"},"_links":{"self":[{"href":"https:\/\/beyazbutik.com\/ar\/wp-json\/wp\/v2\/product\/27907","targetHints":{"allow":["GET"]}}],"collection":[{"href":"https:\/\/beyazbutik.com\/ar\/wp-json\/wp\/v2\/product"}],"about":[{"href":"https:\/\/beyazbutik.com\/ar\/wp-json\/wp\/v2\/types\/product"}],"version-history":[{"count":1,"href":"https:\/\/beyazbutik.com\/ar\/wp-json\/wp\/v2\/product\/27907\/revisions"}],"predecessor-version":[{"id":27912,"href":"https:\/\/beyazbutik.com\/ar\/wp-json\/wp\/v2\/product\/27907\/revisions\/27912"}],"wp:featuredmedia":[{"embeddable":true,"href":"https:\/\/beyazbutik.com\/ar\/wp-json\/wp\/v2\/media\/27909"}],"wp:attachment":[{"href":"https:\/\/beyazbutik.com\/ar\/wp-json\/wp\/v2\/media?parent=27907"}],"wp:term":[{"taxonomy":"product_brand","embeddable":true,"href":"https:\/\/beyazbutik.com\/ar\/wp-json\/wp\/v2\/product_brand?post=27907"},{"taxonomy":"product_cat","embeddable":true,"href":"https:\/\/beyazbutik.com\/ar\/wp-json\/wp\/v2\/product_cat?post=27907"},{"taxonomy":"product_tag","embeddable":true,"href":"https:\/\/beyazbutik.com\/ar\/wp-json\/wp\/v2\/product_tag?post=27907"}],"curies":[{"name":"wp","href":"https:\/\/api.w.org\/{rel}","templated":true}]}}