{"id":27920,"date":"2025-12-11T15:05:06","date_gmt":"2025-12-11T12:05:06","guid":{"rendered":"https:\/\/beyazbutik.com\/?post_type=product&#038;p=27920"},"modified":"2025-12-11T15:07:19","modified_gmt":"2025-12-11T12:07:19","slug":"celestine","status":"publish","type":"product","link":"https:\/\/beyazbutik.com\/ar\/product\/celestine\/","title":{"rendered":"Celestine"},"content":{"rendered":"","protected":false},"excerpt":{"rendered":"<p>Straplez korse g\u00f6vdesi ve dantel i\u015flemeli etek yap\u0131s\u0131yla zarif bir romantizm sunan g\u00f6steri\u015fli gelinlik modeli.<\/p>\n","protected":false},"featured_media":27922,"template":"","meta":[],"product_brand":[],"product_cat":[313],"product_tag":[],"class_list":{"0":"post-27920","1":"product","2":"type-product","3":"status-publish","4":"has-post-thumbnail","6":"product_cat-prelude","8":"first","9":"instock","10":"shipping-taxable","11":"product-type-simple"},"_links":{"self":[{"href":"https:\/\/beyazbutik.com\/ar\/wp-json\/wp\/v2\/product\/27920","targetHints":{"allow":["GET"]}}],"collection":[{"href":"https:\/\/beyazbutik.com\/ar\/wp-json\/wp\/v2\/product"}],"about":[{"href":"https:\/\/beyazbutik.com\/ar\/wp-json\/wp\/v2\/types\/product"}],"version-history":[{"count":1,"href":"https:\/\/beyazbutik.com\/ar\/wp-json\/wp\/v2\/product\/27920\/revisions"}],"predecessor-version":[{"id":27928,"href":"https:\/\/beyazbutik.com\/ar\/wp-json\/wp\/v2\/product\/27920\/revisions\/27928"}],"wp:featuredmedia":[{"embeddable":true,"href":"https:\/\/beyazbutik.com\/ar\/wp-json\/wp\/v2\/media\/27922"}],"wp:attachment":[{"href":"https:\/\/beyazbutik.com\/ar\/wp-json\/wp\/v2\/media?parent=27920"}],"wp:term":[{"taxonomy":"product_brand","embeddable":true,"href":"https:\/\/beyazbutik.com\/ar\/wp-json\/wp\/v2\/product_brand?post=27920"},{"taxonomy":"product_cat","embeddable":true,"href":"https:\/\/beyazbutik.com\/ar\/wp-json\/wp\/v2\/product_cat?post=27920"},{"taxonomy":"product_tag","embeddable":true,"href":"https:\/\/beyazbutik.com\/ar\/wp-json\/wp\/v2\/product_tag?post=27920"}],"curies":[{"name":"wp","href":"https:\/\/api.w.org\/{rel}","templated":true}]}}