{"id":27930,"date":"2025-12-11T15:12:59","date_gmt":"2025-12-11T12:12:59","guid":{"rendered":"https:\/\/beyazbutik.com\/?post_type=product&#038;p=27930"},"modified":"2025-12-11T15:29:30","modified_gmt":"2025-12-11T12:29:30","slug":"liora","status":"publish","type":"product","link":"https:\/\/beyazbutik.com\/ar\/product\/liora\/","title":{"rendered":"Liora"},"content":{"rendered":"","protected":false},"excerpt":{"rendered":"<p>Straplez korse g\u00f6vdesi, zarif dantel dokusu ve uzun kuyruk detay\u0131yla hem asil hem de romantik bir duru\u015f sunan gelinlik modeli.<\/p>\n","protected":false},"featured_media":27932,"template":"","meta":[],"product_brand":[],"product_cat":[313],"product_tag":[],"class_list":{"0":"post-27930","1":"product","2":"type-product","3":"status-publish","4":"has-post-thumbnail","6":"product_cat-prelude","8":"first","9":"instock","10":"shipping-taxable","11":"product-type-simple"},"_links":{"self":[{"href":"https:\/\/beyazbutik.com\/ar\/wp-json\/wp\/v2\/product\/27930","targetHints":{"allow":["GET"]}}],"collection":[{"href":"https:\/\/beyazbutik.com\/ar\/wp-json\/wp\/v2\/product"}],"about":[{"href":"https:\/\/beyazbutik.com\/ar\/wp-json\/wp\/v2\/types\/product"}],"version-history":[{"count":1,"href":"https:\/\/beyazbutik.com\/ar\/wp-json\/wp\/v2\/product\/27930\/revisions"}],"predecessor-version":[{"id":27938,"href":"https:\/\/beyazbutik.com\/ar\/wp-json\/wp\/v2\/product\/27930\/revisions\/27938"}],"wp:featuredmedia":[{"embeddable":true,"href":"https:\/\/beyazbutik.com\/ar\/wp-json\/wp\/v2\/media\/27932"}],"wp:attachment":[{"href":"https:\/\/beyazbutik.com\/ar\/wp-json\/wp\/v2\/media?parent=27930"}],"wp:term":[{"taxonomy":"product_brand","embeddable":true,"href":"https:\/\/beyazbutik.com\/ar\/wp-json\/wp\/v2\/product_brand?post=27930"},{"taxonomy":"product_cat","embeddable":true,"href":"https:\/\/beyazbutik.com\/ar\/wp-json\/wp\/v2\/product_cat?post=27930"},{"taxonomy":"product_tag","embeddable":true,"href":"https:\/\/beyazbutik.com\/ar\/wp-json\/wp\/v2\/product_tag?post=27930"}],"curies":[{"name":"wp","href":"https:\/\/api.w.org\/{rel}","templated":true}]}}