{"id":27940,"date":"2025-12-11T16:29:02","date_gmt":"2025-12-11T13:29:02","guid":{"rendered":"https:\/\/beyazbutik.com\/?post_type=product&#038;p=27940"},"modified":"2025-12-11T16:32:40","modified_gmt":"2025-12-11T13:32:40","slug":"vespera","status":"publish","type":"product","link":"https:\/\/beyazbutik.com\/ar\/product\/vespera\/","title":{"rendered":"Vespera"},"content":{"rendered":"","protected":false},"excerpt":{"rendered":"<p>Dantelli korse g\u00f6vdesi, zarif etek formu ve i\u015flemeli duvak detay\u0131yla klasik \u015f\u0131kl\u0131\u011f\u0131 modern bir yorumla sunan gelinlik modeli.<\/p>\n","protected":false},"featured_media":27945,"template":"","meta":[],"product_brand":[],"product_cat":[313],"product_tag":[],"class_list":{"0":"post-27940","1":"product","2":"type-product","3":"status-publish","4":"has-post-thumbnail","6":"product_cat-prelude","8":"first","9":"instock","10":"shipping-taxable","11":"product-type-simple"},"_links":{"self":[{"href":"https:\/\/beyazbutik.com\/ar\/wp-json\/wp\/v2\/product\/27940","targetHints":{"allow":["GET"]}}],"collection":[{"href":"https:\/\/beyazbutik.com\/ar\/wp-json\/wp\/v2\/product"}],"about":[{"href":"https:\/\/beyazbutik.com\/ar\/wp-json\/wp\/v2\/types\/product"}],"version-history":[{"count":1,"href":"https:\/\/beyazbutik.com\/ar\/wp-json\/wp\/v2\/product\/27940\/revisions"}],"predecessor-version":[{"id":27954,"href":"https:\/\/beyazbutik.com\/ar\/wp-json\/wp\/v2\/product\/27940\/revisions\/27954"}],"wp:featuredmedia":[{"embeddable":true,"href":"https:\/\/beyazbutik.com\/ar\/wp-json\/wp\/v2\/media\/27945"}],"wp:attachment":[{"href":"https:\/\/beyazbutik.com\/ar\/wp-json\/wp\/v2\/media?parent=27940"}],"wp:term":[{"taxonomy":"product_brand","embeddable":true,"href":"https:\/\/beyazbutik.com\/ar\/wp-json\/wp\/v2\/product_brand?post=27940"},{"taxonomy":"product_cat","embeddable":true,"href":"https:\/\/beyazbutik.com\/ar\/wp-json\/wp\/v2\/product_cat?post=27940"},{"taxonomy":"product_tag","embeddable":true,"href":"https:\/\/beyazbutik.com\/ar\/wp-json\/wp\/v2\/product_tag?post=27940"}],"curies":[{"name":"wp","href":"https:\/\/api.w.org\/{rel}","templated":true}]}}