{"id":27957,"date":"2025-12-11T16:35:01","date_gmt":"2025-12-11T13:35:01","guid":{"rendered":"https:\/\/beyazbutik.com\/?post_type=product&#038;p=27957"},"modified":"2025-12-11T16:37:41","modified_gmt":"2025-12-11T13:37:41","slug":"solenne","status":"publish","type":"product","link":"https:\/\/beyazbutik.com\/ar\/product\/solenne\/","title":{"rendered":"Solenne"},"content":{"rendered":"","protected":false},"excerpt":{"rendered":"<p>Y\u00fcksek yaka t\u00fcl g\u00f6vdesi, \u00e7i\u00e7ek i\u015flemeleri ve \u00f6ndeki zarif y\u0131rt\u0131c\u0131yla modern bir duru\u015f sunan ak\u0131c\u0131 bir gelinlik modeli.<\/p>\n","protected":false},"featured_media":27959,"template":"","meta":[],"product_brand":[],"product_cat":[313],"product_tag":[],"class_list":{"0":"post-27957","1":"product","2":"type-product","3":"status-publish","4":"has-post-thumbnail","6":"product_cat-prelude","8":"first","9":"instock","10":"shipping-taxable","11":"product-type-simple"},"_links":{"self":[{"href":"https:\/\/beyazbutik.com\/ar\/wp-json\/wp\/v2\/product\/27957","targetHints":{"allow":["GET"]}}],"collection":[{"href":"https:\/\/beyazbutik.com\/ar\/wp-json\/wp\/v2\/product"}],"about":[{"href":"https:\/\/beyazbutik.com\/ar\/wp-json\/wp\/v2\/types\/product"}],"version-history":[{"count":1,"href":"https:\/\/beyazbutik.com\/ar\/wp-json\/wp\/v2\/product\/27957\/revisions"}],"predecessor-version":[{"id":27968,"href":"https:\/\/beyazbutik.com\/ar\/wp-json\/wp\/v2\/product\/27957\/revisions\/27968"}],"wp:featuredmedia":[{"embeddable":true,"href":"https:\/\/beyazbutik.com\/ar\/wp-json\/wp\/v2\/media\/27959"}],"wp:attachment":[{"href":"https:\/\/beyazbutik.com\/ar\/wp-json\/wp\/v2\/media?parent=27957"}],"wp:term":[{"taxonomy":"product_brand","embeddable":true,"href":"https:\/\/beyazbutik.com\/ar\/wp-json\/wp\/v2\/product_brand?post=27957"},{"taxonomy":"product_cat","embeddable":true,"href":"https:\/\/beyazbutik.com\/ar\/wp-json\/wp\/v2\/product_cat?post=27957"},{"taxonomy":"product_tag","embeddable":true,"href":"https:\/\/beyazbutik.com\/ar\/wp-json\/wp\/v2\/product_tag?post=27957"}],"curies":[{"name":"wp","href":"https:\/\/api.w.org\/{rel}","templated":true}]}}