{"id":27984,"date":"2025-12-11T16:56:55","date_gmt":"2025-12-11T13:56:55","guid":{"rendered":"https:\/\/beyazbutik.com\/?post_type=product&#038;p=27984"},"modified":"2025-12-11T17:00:07","modified_gmt":"2025-12-11T14:00:07","slug":"isolde","status":"publish","type":"product","link":"https:\/\/beyazbutik.com\/ar\/product\/isolde\/","title":{"rendered":"Isolde"},"content":{"rendered":"","protected":false},"excerpt":{"rendered":"<p>I\u015f\u0131lt\u0131l\u0131 dantel dokusu, derin V yakas\u0131 ve uzun kollar\u0131yla zarif bir ihti\u015fam sunan modern bir gelinlik modeli.<\/p>\n","protected":false},"featured_media":27986,"template":"","meta":[],"product_brand":[],"product_cat":[313],"product_tag":[],"class_list":{"0":"post-27984","1":"product","2":"type-product","3":"status-publish","4":"has-post-thumbnail","6":"product_cat-prelude","8":"first","9":"instock","10":"shipping-taxable","11":"product-type-simple"},"_links":{"self":[{"href":"https:\/\/beyazbutik.com\/ar\/wp-json\/wp\/v2\/product\/27984","targetHints":{"allow":["GET"]}}],"collection":[{"href":"https:\/\/beyazbutik.com\/ar\/wp-json\/wp\/v2\/product"}],"about":[{"href":"https:\/\/beyazbutik.com\/ar\/wp-json\/wp\/v2\/types\/product"}],"version-history":[{"count":2,"href":"https:\/\/beyazbutik.com\/ar\/wp-json\/wp\/v2\/product\/27984\/revisions"}],"predecessor-version":[{"id":28002,"href":"https:\/\/beyazbutik.com\/ar\/wp-json\/wp\/v2\/product\/27984\/revisions\/28002"}],"wp:featuredmedia":[{"embeddable":true,"href":"https:\/\/beyazbutik.com\/ar\/wp-json\/wp\/v2\/media\/27986"}],"wp:attachment":[{"href":"https:\/\/beyazbutik.com\/ar\/wp-json\/wp\/v2\/media?parent=27984"}],"wp:term":[{"taxonomy":"product_brand","embeddable":true,"href":"https:\/\/beyazbutik.com\/ar\/wp-json\/wp\/v2\/product_brand?post=27984"},{"taxonomy":"product_cat","embeddable":true,"href":"https:\/\/beyazbutik.com\/ar\/wp-json\/wp\/v2\/product_cat?post=27984"},{"taxonomy":"product_tag","embeddable":true,"href":"https:\/\/beyazbutik.com\/ar\/wp-json\/wp\/v2\/product_tag?post=27984"}],"curies":[{"name":"wp","href":"https:\/\/api.w.org\/{rel}","templated":true}]}}