{"id":27994,"date":"2025-12-11T17:01:43","date_gmt":"2025-12-11T14:01:43","guid":{"rendered":"https:\/\/beyazbutik.com\/?post_type=product&#038;p=27994"},"modified":"2025-12-11T17:04:55","modified_gmt":"2025-12-11T14:04:55","slug":"ardenne","status":"publish","type":"product","link":"https:\/\/beyazbutik.com\/ar\/product\/ardenne\/","title":{"rendered":"Ardenne"},"content":{"rendered":"","protected":false},"excerpt":{"rendered":"<p>Y\u00fcksek yaka dantel g\u00f6vdesi ve fit siluetiyle sade \u015f\u0131kl\u0131\u011f\u0131 \u00f6ne \u00e7\u0131karan modern bir gelinlik modeli.<\/p>\n","protected":false},"featured_media":28003,"template":"","meta":[],"product_brand":[],"product_cat":[313],"product_tag":[],"class_list":{"0":"post-27994","1":"product","2":"type-product","3":"status-publish","4":"has-post-thumbnail","6":"product_cat-prelude","8":"first","9":"instock","10":"shipping-taxable","11":"product-type-simple"},"_links":{"self":[{"href":"https:\/\/beyazbutik.com\/ar\/wp-json\/wp\/v2\/product\/27994","targetHints":{"allow":["GET"]}}],"collection":[{"href":"https:\/\/beyazbutik.com\/ar\/wp-json\/wp\/v2\/product"}],"about":[{"href":"https:\/\/beyazbutik.com\/ar\/wp-json\/wp\/v2\/types\/product"}],"version-history":[{"count":1,"href":"https:\/\/beyazbutik.com\/ar\/wp-json\/wp\/v2\/product\/27994\/revisions"}],"predecessor-version":[{"id":28006,"href":"https:\/\/beyazbutik.com\/ar\/wp-json\/wp\/v2\/product\/27994\/revisions\/28006"}],"wp:featuredmedia":[{"embeddable":true,"href":"https:\/\/beyazbutik.com\/ar\/wp-json\/wp\/v2\/media\/28003"}],"wp:attachment":[{"href":"https:\/\/beyazbutik.com\/ar\/wp-json\/wp\/v2\/media?parent=27994"}],"wp:term":[{"taxonomy":"product_brand","embeddable":true,"href":"https:\/\/beyazbutik.com\/ar\/wp-json\/wp\/v2\/product_brand?post=27994"},{"taxonomy":"product_cat","embeddable":true,"href":"https:\/\/beyazbutik.com\/ar\/wp-json\/wp\/v2\/product_cat?post=27994"},{"taxonomy":"product_tag","embeddable":true,"href":"https:\/\/beyazbutik.com\/ar\/wp-json\/wp\/v2\/product_tag?post=27994"}],"curies":[{"name":"wp","href":"https:\/\/api.w.org\/{rel}","templated":true}]}}