{"id":28008,"date":"2025-12-11T17:07:26","date_gmt":"2025-12-11T14:07:26","guid":{"rendered":"https:\/\/beyazbutik.com\/?post_type=product&#038;p=28008"},"modified":"2025-12-11T17:12:31","modified_gmt":"2025-12-11T14:12:31","slug":"elowen","status":"publish","type":"product","link":"https:\/\/beyazbutik.com\/ar\/product\/elowen\/","title":{"rendered":"Fiorelle"},"content":{"rendered":"","protected":false},"excerpt":{"rendered":"<p>T\u00fcl d\u00fc\u015f\u00fck omuz detay\u0131, transparan korsesi ve \u00e7i\u00e7ek i\u015flemeli etek yap\u0131s\u0131yla zarif bir romantizm sunan gelinlik modeli.<\/p>\n","protected":false},"featured_media":28019,"template":"","meta":[],"product_brand":[],"product_cat":[313],"product_tag":[],"class_list":{"0":"post-28008","1":"product","2":"type-product","3":"status-publish","4":"has-post-thumbnail","6":"product_cat-prelude","8":"first","9":"instock","10":"shipping-taxable","11":"product-type-simple"},"_links":{"self":[{"href":"https:\/\/beyazbutik.com\/ar\/wp-json\/wp\/v2\/product\/28008","targetHints":{"allow":["GET"]}}],"collection":[{"href":"https:\/\/beyazbutik.com\/ar\/wp-json\/wp\/v2\/product"}],"about":[{"href":"https:\/\/beyazbutik.com\/ar\/wp-json\/wp\/v2\/types\/product"}],"version-history":[{"count":3,"href":"https:\/\/beyazbutik.com\/ar\/wp-json\/wp\/v2\/product\/28008\/revisions"}],"predecessor-version":[{"id":28028,"href":"https:\/\/beyazbutik.com\/ar\/wp-json\/wp\/v2\/product\/28008\/revisions\/28028"}],"wp:featuredmedia":[{"embeddable":true,"href":"https:\/\/beyazbutik.com\/ar\/wp-json\/wp\/v2\/media\/28019"}],"wp:attachment":[{"href":"https:\/\/beyazbutik.com\/ar\/wp-json\/wp\/v2\/media?parent=28008"}],"wp:term":[{"taxonomy":"product_brand","embeddable":true,"href":"https:\/\/beyazbutik.com\/ar\/wp-json\/wp\/v2\/product_brand?post=28008"},{"taxonomy":"product_cat","embeddable":true,"href":"https:\/\/beyazbutik.com\/ar\/wp-json\/wp\/v2\/product_cat?post=28008"},{"taxonomy":"product_tag","embeddable":true,"href":"https:\/\/beyazbutik.com\/ar\/wp-json\/wp\/v2\/product_tag?post=28008"}],"curies":[{"name":"wp","href":"https:\/\/api.w.org\/{rel}","templated":true}]}}