{"id":28031,"date":"2025-12-11T17:13:43","date_gmt":"2025-12-11T14:13:43","guid":{"rendered":"https:\/\/beyazbutik.com\/?post_type=product&#038;p=28031"},"modified":"2025-12-11T17:16:33","modified_gmt":"2025-12-11T14:16:33","slug":"armina","status":"publish","type":"product","link":"https:\/\/beyazbutik.com\/ar\/product\/armina\/","title":{"rendered":"Armina"},"content":{"rendered":"","protected":false},"excerpt":{"rendered":"<p>\u0130nce ask\u0131l\u0131 \u00e7i\u00e7ek i\u015flemeli g\u00f6vdesi ve zarif A kesim etek yap\u0131s\u0131yla hafif ve romantik bir duru\u015f sunan gelinlik modeli.<\/p>\n","protected":false},"featured_media":28033,"template":"","meta":[],"product_brand":[],"product_cat":[313],"product_tag":[],"class_list":{"0":"post-28031","1":"product","2":"type-product","3":"status-publish","4":"has-post-thumbnail","6":"product_cat-prelude","8":"first","9":"instock","10":"shipping-taxable","11":"product-type-simple"},"_links":{"self":[{"href":"https:\/\/beyazbutik.com\/ar\/wp-json\/wp\/v2\/product\/28031","targetHints":{"allow":["GET"]}}],"collection":[{"href":"https:\/\/beyazbutik.com\/ar\/wp-json\/wp\/v2\/product"}],"about":[{"href":"https:\/\/beyazbutik.com\/ar\/wp-json\/wp\/v2\/types\/product"}],"version-history":[{"count":1,"href":"https:\/\/beyazbutik.com\/ar\/wp-json\/wp\/v2\/product\/28031\/revisions"}],"predecessor-version":[{"id":28039,"href":"https:\/\/beyazbutik.com\/ar\/wp-json\/wp\/v2\/product\/28031\/revisions\/28039"}],"wp:featuredmedia":[{"embeddable":true,"href":"https:\/\/beyazbutik.com\/ar\/wp-json\/wp\/v2\/media\/28033"}],"wp:attachment":[{"href":"https:\/\/beyazbutik.com\/ar\/wp-json\/wp\/v2\/media?parent=28031"}],"wp:term":[{"taxonomy":"product_brand","embeddable":true,"href":"https:\/\/beyazbutik.com\/ar\/wp-json\/wp\/v2\/product_brand?post=28031"},{"taxonomy":"product_cat","embeddable":true,"href":"https:\/\/beyazbutik.com\/ar\/wp-json\/wp\/v2\/product_cat?post=28031"},{"taxonomy":"product_tag","embeddable":true,"href":"https:\/\/beyazbutik.com\/ar\/wp-json\/wp\/v2\/product_tag?post=28031"}],"curies":[{"name":"wp","href":"https:\/\/api.w.org\/{rel}","templated":true}]}}