{"id":28042,"date":"2025-12-11T17:20:05","date_gmt":"2025-12-11T14:20:05","guid":{"rendered":"https:\/\/beyazbutik.com\/?post_type=product&#038;p=28042"},"modified":"2025-12-15T18:57:01","modified_gmt":"2025-12-15T15:57:01","slug":"lysandra","status":"publish","type":"product","link":"https:\/\/beyazbutik.com\/ar\/product\/lysandra\/","title":{"rendered":"Lysandra"},"content":{"rendered":"","protected":false},"excerpt":{"rendered":"<p>\u00c7i\u00e7ek detayl\u0131 transparan korse g\u00f6vdesi ve hafif t\u00fcl etek yap\u0131s\u0131yla romantik ve modern bir duru\u015f sunan gelinlik modeli.<\/p>\n","protected":false},"featured_media":28197,"template":"","meta":[],"product_brand":[],"product_cat":[313],"product_tag":[],"class_list":{"0":"post-28042","1":"product","2":"type-product","3":"status-publish","4":"has-post-thumbnail","6":"product_cat-prelude","8":"first","9":"instock","10":"shipping-taxable","11":"product-type-simple"},"_links":{"self":[{"href":"https:\/\/beyazbutik.com\/ar\/wp-json\/wp\/v2\/product\/28042","targetHints":{"allow":["GET"]}}],"collection":[{"href":"https:\/\/beyazbutik.com\/ar\/wp-json\/wp\/v2\/product"}],"about":[{"href":"https:\/\/beyazbutik.com\/ar\/wp-json\/wp\/v2\/types\/product"}],"version-history":[{"count":1,"href":"https:\/\/beyazbutik.com\/ar\/wp-json\/wp\/v2\/product\/28042\/revisions"}],"predecessor-version":[{"id":28050,"href":"https:\/\/beyazbutik.com\/ar\/wp-json\/wp\/v2\/product\/28042\/revisions\/28050"}],"wp:featuredmedia":[{"embeddable":true,"href":"https:\/\/beyazbutik.com\/ar\/wp-json\/wp\/v2\/media\/28197"}],"wp:attachment":[{"href":"https:\/\/beyazbutik.com\/ar\/wp-json\/wp\/v2\/media?parent=28042"}],"wp:term":[{"taxonomy":"product_brand","embeddable":true,"href":"https:\/\/beyazbutik.com\/ar\/wp-json\/wp\/v2\/product_brand?post=28042"},{"taxonomy":"product_cat","embeddable":true,"href":"https:\/\/beyazbutik.com\/ar\/wp-json\/wp\/v2\/product_cat?post=28042"},{"taxonomy":"product_tag","embeddable":true,"href":"https:\/\/beyazbutik.com\/ar\/wp-json\/wp\/v2\/product_tag?post=28042"}],"curies":[{"name":"wp","href":"https:\/\/api.w.org\/{rel}","templated":true}]}}