{"id":28056,"date":"2025-12-11T17:26:33","date_gmt":"2025-12-11T14:26:33","guid":{"rendered":"https:\/\/beyazbutik.com\/?post_type=product&#038;p=28056"},"modified":"2025-12-11T17:29:01","modified_gmt":"2025-12-11T14:29:01","slug":"althea","status":"publish","type":"product","link":"https:\/\/beyazbutik.com\/ar\/product\/althea\/","title":{"rendered":"Althea"},"content":{"rendered":"","protected":false},"excerpt":{"rendered":"<p>\u0130nci detayl\u0131 straplez g\u00f6vdesi ve ak\u0131c\u0131 A kesim ete\u011fiyle sade ama etkileyici bir \u015f\u0131kl\u0131k sunan gelinlik modeli.<\/p>\n","protected":false},"featured_media":28058,"template":"","meta":[],"product_brand":[],"product_cat":[313],"product_tag":[],"class_list":{"0":"post-28056","1":"product","2":"type-product","3":"status-publish","4":"has-post-thumbnail","6":"product_cat-prelude","8":"first","9":"instock","10":"shipping-taxable","11":"product-type-simple"},"_links":{"self":[{"href":"https:\/\/beyazbutik.com\/ar\/wp-json\/wp\/v2\/product\/28056","targetHints":{"allow":["GET"]}}],"collection":[{"href":"https:\/\/beyazbutik.com\/ar\/wp-json\/wp\/v2\/product"}],"about":[{"href":"https:\/\/beyazbutik.com\/ar\/wp-json\/wp\/v2\/types\/product"}],"version-history":[{"count":1,"href":"https:\/\/beyazbutik.com\/ar\/wp-json\/wp\/v2\/product\/28056\/revisions"}],"predecessor-version":[{"id":28064,"href":"https:\/\/beyazbutik.com\/ar\/wp-json\/wp\/v2\/product\/28056\/revisions\/28064"}],"wp:featuredmedia":[{"embeddable":true,"href":"https:\/\/beyazbutik.com\/ar\/wp-json\/wp\/v2\/media\/28058"}],"wp:attachment":[{"href":"https:\/\/beyazbutik.com\/ar\/wp-json\/wp\/v2\/media?parent=28056"}],"wp:term":[{"taxonomy":"product_brand","embeddable":true,"href":"https:\/\/beyazbutik.com\/ar\/wp-json\/wp\/v2\/product_brand?post=28056"},{"taxonomy":"product_cat","embeddable":true,"href":"https:\/\/beyazbutik.com\/ar\/wp-json\/wp\/v2\/product_cat?post=28056"},{"taxonomy":"product_tag","embeddable":true,"href":"https:\/\/beyazbutik.com\/ar\/wp-json\/wp\/v2\/product_tag?post=28056"}],"curies":[{"name":"wp","href":"https:\/\/api.w.org\/{rel}","templated":true}]}}