{"id":28067,"date":"2025-12-11T17:30:21","date_gmt":"2025-12-11T14:30:21","guid":{"rendered":"https:\/\/beyazbutik.com\/?post_type=product&#038;p=28067"},"modified":"2025-12-11T17:38:23","modified_gmt":"2025-12-11T14:38:23","slug":"maelis","status":"publish","type":"product","link":"https:\/\/beyazbutik.com\/ar\/product\/maelis\/","title":{"rendered":"Oriane"},"content":{"rendered":"","protected":false},"excerpt":{"rendered":"<p>I\u015f\u0131lt\u0131l\u0131 i\u015flemeleri, modern korse yap\u0131s\u0131 ve omuzdaki zarif fiyonk detaylar\u0131yla heykelsi bir siluet sunan bu model, g\u00fc\u00e7l\u00fc ve romantik bir duru\u015fu ayn\u0131 anda ta\u015f\u0131mak isteyen gelinler i\u00e7in tasarland\u0131.<\/p>\n","protected":false},"featured_media":28081,"template":"","meta":[],"product_brand":[],"product_cat":[313],"product_tag":[],"class_list":{"0":"post-28067","1":"product","2":"type-product","3":"status-publish","4":"has-post-thumbnail","6":"product_cat-prelude","8":"first","9":"instock","10":"shipping-taxable","11":"product-type-simple"},"_links":{"self":[{"href":"https:\/\/beyazbutik.com\/ar\/wp-json\/wp\/v2\/product\/28067","targetHints":{"allow":["GET"]}}],"collection":[{"href":"https:\/\/beyazbutik.com\/ar\/wp-json\/wp\/v2\/product"}],"about":[{"href":"https:\/\/beyazbutik.com\/ar\/wp-json\/wp\/v2\/types\/product"}],"version-history":[{"count":3,"href":"https:\/\/beyazbutik.com\/ar\/wp-json\/wp\/v2\/product\/28067\/revisions"}],"predecessor-version":[{"id":28087,"href":"https:\/\/beyazbutik.com\/ar\/wp-json\/wp\/v2\/product\/28067\/revisions\/28087"}],"wp:featuredmedia":[{"embeddable":true,"href":"https:\/\/beyazbutik.com\/ar\/wp-json\/wp\/v2\/media\/28081"}],"wp:attachment":[{"href":"https:\/\/beyazbutik.com\/ar\/wp-json\/wp\/v2\/media?parent=28067"}],"wp:term":[{"taxonomy":"product_brand","embeddable":true,"href":"https:\/\/beyazbutik.com\/ar\/wp-json\/wp\/v2\/product_brand?post=28067"},{"taxonomy":"product_cat","embeddable":true,"href":"https:\/\/beyazbutik.com\/ar\/wp-json\/wp\/v2\/product_cat?post=28067"},{"taxonomy":"product_tag","embeddable":true,"href":"https:\/\/beyazbutik.com\/ar\/wp-json\/wp\/v2\/product_tag?post=28067"}],"curies":[{"name":"wp","href":"https:\/\/api.w.org\/{rel}","templated":true}]}}