{"id":28089,"date":"2025-12-11T17:40:05","date_gmt":"2025-12-11T14:40:05","guid":{"rendered":"https:\/\/beyazbutik.com\/?post_type=product&#038;p=28089"},"modified":"2025-12-11T17:43:10","modified_gmt":"2025-12-11T14:43:10","slug":"evelune","status":"publish","type":"product","link":"https:\/\/beyazbutik.com\/ar\/product\/evelune\/","title":{"rendered":"Evelune"},"content":{"rendered":"","protected":false},"excerpt":{"rendered":"<p>Derin V yakas\u0131, \u00fc\u00e7 boyutlu \u00e7i\u00e7ek aplikeleri ve romantik t\u00fcl dokusuyla kusursuz bir zarafet sunan bu model; masals\u0131 bir gelin silueti arayanlar i\u00e7in \u00f6zel olarak tasarland\u0131. Yo\u011fun el i\u015f\u00e7ili\u011fiyle i\u015flenen \u00e7i\u00e7ekler, hem duvakla hem de etekle b\u00fct\u00fcnle\u015ferek b\u00fcy\u00fcleyici bir g\u00f6r\u00fcn\u00fcm yarat\u0131r.<\/p>\n","protected":false},"featured_media":28091,"template":"","meta":[],"product_brand":[],"product_cat":[313],"product_tag":[],"class_list":{"0":"post-28089","1":"product","2":"type-product","3":"status-publish","4":"has-post-thumbnail","6":"product_cat-prelude","8":"first","9":"instock","10":"shipping-taxable","11":"product-type-simple"},"_links":{"self":[{"href":"https:\/\/beyazbutik.com\/ar\/wp-json\/wp\/v2\/product\/28089","targetHints":{"allow":["GET"]}}],"collection":[{"href":"https:\/\/beyazbutik.com\/ar\/wp-json\/wp\/v2\/product"}],"about":[{"href":"https:\/\/beyazbutik.com\/ar\/wp-json\/wp\/v2\/types\/product"}],"version-history":[{"count":1,"href":"https:\/\/beyazbutik.com\/ar\/wp-json\/wp\/v2\/product\/28089\/revisions"}],"predecessor-version":[{"id":28100,"href":"https:\/\/beyazbutik.com\/ar\/wp-json\/wp\/v2\/product\/28089\/revisions\/28100"}],"wp:featuredmedia":[{"embeddable":true,"href":"https:\/\/beyazbutik.com\/ar\/wp-json\/wp\/v2\/media\/28091"}],"wp:attachment":[{"href":"https:\/\/beyazbutik.com\/ar\/wp-json\/wp\/v2\/media?parent=28089"}],"wp:term":[{"taxonomy":"product_brand","embeddable":true,"href":"https:\/\/beyazbutik.com\/ar\/wp-json\/wp\/v2\/product_brand?post=28089"},{"taxonomy":"product_cat","embeddable":true,"href":"https:\/\/beyazbutik.com\/ar\/wp-json\/wp\/v2\/product_cat?post=28089"},{"taxonomy":"product_tag","embeddable":true,"href":"https:\/\/beyazbutik.com\/ar\/wp-json\/wp\/v2\/product_tag?post=28089"}],"curies":[{"name":"wp","href":"https:\/\/api.w.org\/{rel}","templated":true}]}}