{"id":28113,"date":"2025-12-11T17:48:06","date_gmt":"2025-12-11T14:48:06","guid":{"rendered":"https:\/\/beyazbutik.com\/?post_type=product&#038;p=28113"},"modified":"2025-12-11T18:00:54","modified_gmt":"2025-12-11T15:00:54","slug":"mireya","status":"publish","type":"product","link":"https:\/\/beyazbutik.com\/ar\/product\/mireya\/","title":{"rendered":"Mireya"},"content":{"rendered":"","protected":false},"excerpt":{"rendered":"<p>\u00dc\u00e7 boyutlu \u00e7i\u00e7ek aplikeleri ve modern k\u0131sa siluetiyle enerjik, feminen ve zarif bir gelin g\u00f6r\u00fcn\u00fcm\u00fc sunan \u00f6zel bir tasar\u0131m.<\/p>\n","protected":false},"featured_media":28116,"template":"","meta":[],"product_brand":[],"product_cat":[313],"product_tag":[],"class_list":{"0":"post-28113","1":"product","2":"type-product","3":"status-publish","4":"has-post-thumbnail","6":"product_cat-prelude","8":"first","9":"instock","10":"shipping-taxable","11":"product-type-simple"},"_links":{"self":[{"href":"https:\/\/beyazbutik.com\/ar\/wp-json\/wp\/v2\/product\/28113","targetHints":{"allow":["GET"]}}],"collection":[{"href":"https:\/\/beyazbutik.com\/ar\/wp-json\/wp\/v2\/product"}],"about":[{"href":"https:\/\/beyazbutik.com\/ar\/wp-json\/wp\/v2\/types\/product"}],"version-history":[{"count":1,"href":"https:\/\/beyazbutik.com\/ar\/wp-json\/wp\/v2\/product\/28113\/revisions"}],"predecessor-version":[{"id":28119,"href":"https:\/\/beyazbutik.com\/ar\/wp-json\/wp\/v2\/product\/28113\/revisions\/28119"}],"wp:featuredmedia":[{"embeddable":true,"href":"https:\/\/beyazbutik.com\/ar\/wp-json\/wp\/v2\/media\/28116"}],"wp:attachment":[{"href":"https:\/\/beyazbutik.com\/ar\/wp-json\/wp\/v2\/media?parent=28113"}],"wp:term":[{"taxonomy":"product_brand","embeddable":true,"href":"https:\/\/beyazbutik.com\/ar\/wp-json\/wp\/v2\/product_brand?post=28113"},{"taxonomy":"product_cat","embeddable":true,"href":"https:\/\/beyazbutik.com\/ar\/wp-json\/wp\/v2\/product_cat?post=28113"},{"taxonomy":"product_tag","embeddable":true,"href":"https:\/\/beyazbutik.com\/ar\/wp-json\/wp\/v2\/product_tag?post=28113"}],"curies":[{"name":"wp","href":"https:\/\/api.w.org\/{rel}","templated":true}]}}