{"id":28121,"date":"2025-12-11T18:02:27","date_gmt":"2025-12-11T15:02:27","guid":{"rendered":"https:\/\/beyazbutik.com\/?post_type=product&#038;p=28121"},"modified":"2025-12-11T18:07:25","modified_gmt":"2025-12-11T15:07:25","slug":"ismara","status":"publish","type":"product","link":"https:\/\/beyazbutik.com\/ar\/product\/ismara\/","title":{"rendered":"Ismara"},"content":{"rendered":"","protected":false},"excerpt":{"rendered":"<p>\u0130nci detayl\u0131 transparan korsesi ve \u00fc\u00e7 boyutlu \u00e7i\u00e7ek aplikeleriyle romantik ve b\u00fcy\u00fcleyici bir siluet sunan zarif bir gelinlik modeli.<\/p>\n","protected":false},"featured_media":28123,"template":"","meta":[],"product_brand":[],"product_cat":[313],"product_tag":[],"class_list":{"0":"post-28121","1":"product","2":"type-product","3":"status-publish","4":"has-post-thumbnail","6":"product_cat-prelude","8":"first","9":"instock","10":"shipping-taxable","11":"product-type-simple"},"_links":{"self":[{"href":"https:\/\/beyazbutik.com\/ar\/wp-json\/wp\/v2\/product\/28121","targetHints":{"allow":["GET"]}}],"collection":[{"href":"https:\/\/beyazbutik.com\/ar\/wp-json\/wp\/v2\/product"}],"about":[{"href":"https:\/\/beyazbutik.com\/ar\/wp-json\/wp\/v2\/types\/product"}],"version-history":[{"count":1,"href":"https:\/\/beyazbutik.com\/ar\/wp-json\/wp\/v2\/product\/28121\/revisions"}],"predecessor-version":[{"id":28129,"href":"https:\/\/beyazbutik.com\/ar\/wp-json\/wp\/v2\/product\/28121\/revisions\/28129"}],"wp:featuredmedia":[{"embeddable":true,"href":"https:\/\/beyazbutik.com\/ar\/wp-json\/wp\/v2\/media\/28123"}],"wp:attachment":[{"href":"https:\/\/beyazbutik.com\/ar\/wp-json\/wp\/v2\/media?parent=28121"}],"wp:term":[{"taxonomy":"product_brand","embeddable":true,"href":"https:\/\/beyazbutik.com\/ar\/wp-json\/wp\/v2\/product_brand?post=28121"},{"taxonomy":"product_cat","embeddable":true,"href":"https:\/\/beyazbutik.com\/ar\/wp-json\/wp\/v2\/product_cat?post=28121"},{"taxonomy":"product_tag","embeddable":true,"href":"https:\/\/beyazbutik.com\/ar\/wp-json\/wp\/v2\/product_tag?post=28121"}],"curies":[{"name":"wp","href":"https:\/\/api.w.org\/{rel}","templated":true}]}}