{"id":28141,"date":"2025-12-11T18:15:54","date_gmt":"2025-12-11T15:15:54","guid":{"rendered":"https:\/\/beyazbutik.com\/?post_type=product&#038;p=28141"},"modified":"2025-12-11T18:17:21","modified_gmt":"2025-12-11T15:17:21","slug":"naelle","status":"publish","type":"product","link":"https:\/\/beyazbutik.com\/ar\/product\/naelle\/","title":{"rendered":"Naelle"},"content":{"rendered":"","protected":false},"excerpt":{"rendered":"<p>\u0130nce ask\u0131l\u0131, derin V yaka tasar\u0131m\u0131 ve \u00fc\u00e7 boyutlu \u00e7i\u00e7ek aplikeleriyle romantik bir siluet sunan, hafif t\u00fcl ete\u011fiyle zarafeti sade bir \u015f\u0131kl\u0131kla bulu\u015fturan bir gelinlik modeli.<\/p>\n","protected":false},"featured_media":28143,"template":"","meta":[],"product_brand":[],"product_cat":[313],"product_tag":[],"class_list":{"0":"post-28141","1":"product","2":"type-product","3":"status-publish","4":"has-post-thumbnail","6":"product_cat-prelude","8":"first","9":"instock","10":"shipping-taxable","11":"product-type-simple"},"_links":{"self":[{"href":"https:\/\/beyazbutik.com\/ar\/wp-json\/wp\/v2\/product\/28141","targetHints":{"allow":["GET"]}}],"collection":[{"href":"https:\/\/beyazbutik.com\/ar\/wp-json\/wp\/v2\/product"}],"about":[{"href":"https:\/\/beyazbutik.com\/ar\/wp-json\/wp\/v2\/types\/product"}],"version-history":[{"count":1,"href":"https:\/\/beyazbutik.com\/ar\/wp-json\/wp\/v2\/product\/28141\/revisions"}],"predecessor-version":[{"id":28149,"href":"https:\/\/beyazbutik.com\/ar\/wp-json\/wp\/v2\/product\/28141\/revisions\/28149"}],"wp:featuredmedia":[{"embeddable":true,"href":"https:\/\/beyazbutik.com\/ar\/wp-json\/wp\/v2\/media\/28143"}],"wp:attachment":[{"href":"https:\/\/beyazbutik.com\/ar\/wp-json\/wp\/v2\/media?parent=28141"}],"wp:term":[{"taxonomy":"product_brand","embeddable":true,"href":"https:\/\/beyazbutik.com\/ar\/wp-json\/wp\/v2\/product_brand?post=28141"},{"taxonomy":"product_cat","embeddable":true,"href":"https:\/\/beyazbutik.com\/ar\/wp-json\/wp\/v2\/product_cat?post=28141"},{"taxonomy":"product_tag","embeddable":true,"href":"https:\/\/beyazbutik.com\/ar\/wp-json\/wp\/v2\/product_tag?post=28141"}],"curies":[{"name":"wp","href":"https:\/\/api.w.org\/{rel}","templated":true}]}}