{"id":28151,"date":"2025-12-11T18:18:41","date_gmt":"2025-12-11T15:18:41","guid":{"rendered":"https:\/\/beyazbutik.com\/?post_type=product&#038;p=28151"},"modified":"2025-12-11T18:21:35","modified_gmt":"2025-12-11T15:21:35","slug":"coralyth","status":"publish","type":"product","link":"https:\/\/beyazbutik.com\/ar\/product\/coralyth\/","title":{"rendered":"Coralyth"},"content":{"rendered":"","protected":false},"excerpt":{"rendered":"<p>Derin g\u00f6\u011f\u00fcs detay\u0131, \u00fc\u00e7 boyutlu \u00e7i\u00e7ek aplikeleri ve hafif\u00e7e kabaran romantik ete\u011fiyle modern zarafeti feminen dokunu\u015flarla bulu\u015fturan etkileyici bir gelinlik modeli.<\/p>\n","protected":false},"featured_media":28153,"template":"","meta":[],"product_brand":[],"product_cat":[313],"product_tag":[],"class_list":{"0":"post-28151","1":"product","2":"type-product","3":"status-publish","4":"has-post-thumbnail","6":"product_cat-prelude","8":"first","9":"instock","10":"shipping-taxable","11":"product-type-simple"},"_links":{"self":[{"href":"https:\/\/beyazbutik.com\/ar\/wp-json\/wp\/v2\/product\/28151","targetHints":{"allow":["GET"]}}],"collection":[{"href":"https:\/\/beyazbutik.com\/ar\/wp-json\/wp\/v2\/product"}],"about":[{"href":"https:\/\/beyazbutik.com\/ar\/wp-json\/wp\/v2\/types\/product"}],"version-history":[{"count":1,"href":"https:\/\/beyazbutik.com\/ar\/wp-json\/wp\/v2\/product\/28151\/revisions"}],"predecessor-version":[{"id":28159,"href":"https:\/\/beyazbutik.com\/ar\/wp-json\/wp\/v2\/product\/28151\/revisions\/28159"}],"wp:featuredmedia":[{"embeddable":true,"href":"https:\/\/beyazbutik.com\/ar\/wp-json\/wp\/v2\/media\/28153"}],"wp:attachment":[{"href":"https:\/\/beyazbutik.com\/ar\/wp-json\/wp\/v2\/media?parent=28151"}],"wp:term":[{"taxonomy":"product_brand","embeddable":true,"href":"https:\/\/beyazbutik.com\/ar\/wp-json\/wp\/v2\/product_brand?post=28151"},{"taxonomy":"product_cat","embeddable":true,"href":"https:\/\/beyazbutik.com\/ar\/wp-json\/wp\/v2\/product_cat?post=28151"},{"taxonomy":"product_tag","embeddable":true,"href":"https:\/\/beyazbutik.com\/ar\/wp-json\/wp\/v2\/product_tag?post=28151"}],"curies":[{"name":"wp","href":"https:\/\/api.w.org\/{rel}","templated":true}]}}