{"id":28161,"date":"2025-12-11T18:23:12","date_gmt":"2025-12-11T15:23:12","guid":{"rendered":"https:\/\/beyazbutik.com\/?post_type=product&#038;p=28161"},"modified":"2025-12-11T18:24:51","modified_gmt":"2025-12-11T15:24:51","slug":"lumira","status":"publish","type":"product","link":"https:\/\/beyazbutik.com\/ar\/product\/lumira\/","title":{"rendered":"Lumira"},"content":{"rendered":"","protected":false},"excerpt":{"rendered":"<p>I\u015f\u0131lt\u0131l\u0131 dokusu, zarif straplez \u00fcst\u00fc ve ak\u0131c\u0131 etek formuyla modern \u015f\u0131kl\u0131\u011f\u0131 kusursuz bir zarafetle bulu\u015fturan g\u00f6steri\u015fli bir gelinlik modeli.<\/p>\n","protected":false},"featured_media":28163,"template":"","meta":[],"product_brand":[],"product_cat":[313],"product_tag":[],"class_list":{"0":"post-28161","1":"product","2":"type-product","3":"status-publish","4":"has-post-thumbnail","6":"product_cat-prelude","8":"first","9":"instock","10":"shipping-taxable","11":"product-type-simple"},"_links":{"self":[{"href":"https:\/\/beyazbutik.com\/ar\/wp-json\/wp\/v2\/product\/28161","targetHints":{"allow":["GET"]}}],"collection":[{"href":"https:\/\/beyazbutik.com\/ar\/wp-json\/wp\/v2\/product"}],"about":[{"href":"https:\/\/beyazbutik.com\/ar\/wp-json\/wp\/v2\/types\/product"}],"version-history":[{"count":1,"href":"https:\/\/beyazbutik.com\/ar\/wp-json\/wp\/v2\/product\/28161\/revisions"}],"predecessor-version":[{"id":28169,"href":"https:\/\/beyazbutik.com\/ar\/wp-json\/wp\/v2\/product\/28161\/revisions\/28169"}],"wp:featuredmedia":[{"embeddable":true,"href":"https:\/\/beyazbutik.com\/ar\/wp-json\/wp\/v2\/media\/28163"}],"wp:attachment":[{"href":"https:\/\/beyazbutik.com\/ar\/wp-json\/wp\/v2\/media?parent=28161"}],"wp:term":[{"taxonomy":"product_brand","embeddable":true,"href":"https:\/\/beyazbutik.com\/ar\/wp-json\/wp\/v2\/product_brand?post=28161"},{"taxonomy":"product_cat","embeddable":true,"href":"https:\/\/beyazbutik.com\/ar\/wp-json\/wp\/v2\/product_cat?post=28161"},{"taxonomy":"product_tag","embeddable":true,"href":"https:\/\/beyazbutik.com\/ar\/wp-json\/wp\/v2\/product_tag?post=28161"}],"curies":[{"name":"wp","href":"https:\/\/api.w.org\/{rel}","templated":true}]}}