{"id":28177,"date":"2025-12-15T18:44:53","date_gmt":"2025-12-15T15:44:53","guid":{"rendered":"https:\/\/beyazbutik.com\/?post_type=product&#038;p=28177"},"modified":"2025-12-15T18:48:56","modified_gmt":"2025-12-15T15:48:56","slug":"elowen-2","status":"publish","type":"product","link":"https:\/\/beyazbutik.com\/ar\/product\/elowen-2\/","title":{"rendered":"Elowen"},"content":{"rendered":"","protected":false},"excerpt":{"rendered":"<p>Omuzlar\u0131 a\u00e7\u0131k yaka detay\u0131, uzun kollar\u0131 ve dantel dokusuyla zamans\u0131z bir \u015f\u0131kl\u0131k sunan sade ve zarif bir gelinlik modeli.<\/p>\n","protected":false},"featured_media":28179,"template":"","meta":[],"product_brand":[],"product_cat":[313],"product_tag":[],"class_list":{"0":"post-28177","1":"product","2":"type-product","3":"status-publish","4":"has-post-thumbnail","6":"product_cat-prelude","8":"first","9":"instock","10":"shipping-taxable","11":"product-type-simple"},"_links":{"self":[{"href":"https:\/\/beyazbutik.com\/ar\/wp-json\/wp\/v2\/product\/28177","targetHints":{"allow":["GET"]}}],"collection":[{"href":"https:\/\/beyazbutik.com\/ar\/wp-json\/wp\/v2\/product"}],"about":[{"href":"https:\/\/beyazbutik.com\/ar\/wp-json\/wp\/v2\/types\/product"}],"version-history":[{"count":1,"href":"https:\/\/beyazbutik.com\/ar\/wp-json\/wp\/v2\/product\/28177\/revisions"}],"predecessor-version":[{"id":28185,"href":"https:\/\/beyazbutik.com\/ar\/wp-json\/wp\/v2\/product\/28177\/revisions\/28185"}],"wp:featuredmedia":[{"embeddable":true,"href":"https:\/\/beyazbutik.com\/ar\/wp-json\/wp\/v2\/media\/28179"}],"wp:attachment":[{"href":"https:\/\/beyazbutik.com\/ar\/wp-json\/wp\/v2\/media?parent=28177"}],"wp:term":[{"taxonomy":"product_brand","embeddable":true,"href":"https:\/\/beyazbutik.com\/ar\/wp-json\/wp\/v2\/product_brand?post=28177"},{"taxonomy":"product_cat","embeddable":true,"href":"https:\/\/beyazbutik.com\/ar\/wp-json\/wp\/v2\/product_cat?post=28177"},{"taxonomy":"product_tag","embeddable":true,"href":"https:\/\/beyazbutik.com\/ar\/wp-json\/wp\/v2\/product_tag?post=28177"}],"curies":[{"name":"wp","href":"https:\/\/api.w.org\/{rel}","templated":true}]}}