{"id":28187,"date":"2025-12-15T18:50:12","date_gmt":"2025-12-15T15:50:12","guid":{"rendered":"https:\/\/beyazbutik.com\/?post_type=product&#038;p=28187"},"modified":"2025-12-15T18:52:23","modified_gmt":"2025-12-15T15:52:23","slug":"maelis-2","status":"publish","type":"product","link":"https:\/\/beyazbutik.com\/ar\/product\/maelis-2\/","title":{"rendered":"Maelis"},"content":{"rendered":"","protected":false},"excerpt":{"rendered":"<p>Korse formu ve el i\u015f\u00e7ili\u011fi boncuk detaylar\u0131yla \u00f6ne \u00e7\u0131kan, etek ucundaki hareketli p\u00fcsk\u00fcllerle modern ve iddial\u0131 bir k\u0131sa gelinlik tasar\u0131m\u0131.<\/p>\n","protected":false},"featured_media":28189,"template":"","meta":[],"product_brand":[],"product_cat":[313],"product_tag":[],"class_list":{"0":"post-28187","1":"product","2":"type-product","3":"status-publish","4":"has-post-thumbnail","6":"product_cat-prelude","8":"first","9":"instock","10":"shipping-taxable","11":"product-type-simple"},"_links":{"self":[{"href":"https:\/\/beyazbutik.com\/ar\/wp-json\/wp\/v2\/product\/28187","targetHints":{"allow":["GET"]}}],"collection":[{"href":"https:\/\/beyazbutik.com\/ar\/wp-json\/wp\/v2\/product"}],"about":[{"href":"https:\/\/beyazbutik.com\/ar\/wp-json\/wp\/v2\/types\/product"}],"version-history":[{"count":1,"href":"https:\/\/beyazbutik.com\/ar\/wp-json\/wp\/v2\/product\/28187\/revisions"}],"predecessor-version":[{"id":28195,"href":"https:\/\/beyazbutik.com\/ar\/wp-json\/wp\/v2\/product\/28187\/revisions\/28195"}],"wp:featuredmedia":[{"embeddable":true,"href":"https:\/\/beyazbutik.com\/ar\/wp-json\/wp\/v2\/media\/28189"}],"wp:attachment":[{"href":"https:\/\/beyazbutik.com\/ar\/wp-json\/wp\/v2\/media?parent=28187"}],"wp:term":[{"taxonomy":"product_brand","embeddable":true,"href":"https:\/\/beyazbutik.com\/ar\/wp-json\/wp\/v2\/product_brand?post=28187"},{"taxonomy":"product_cat","embeddable":true,"href":"https:\/\/beyazbutik.com\/ar\/wp-json\/wp\/v2\/product_cat?post=28187"},{"taxonomy":"product_tag","embeddable":true,"href":"https:\/\/beyazbutik.com\/ar\/wp-json\/wp\/v2\/product_tag?post=28187"}],"curies":[{"name":"wp","href":"https:\/\/api.w.org\/{rel}","templated":true}]}}