{"id":28429,"date":"2026-04-28T11:16:38","date_gmt":"2026-04-28T08:16:38","guid":{"rendered":"https:\/\/beyazbutik.com\/?post_type=product&#038;p=28429"},"modified":"2026-04-28T12:14:52","modified_gmt":"2026-04-28T09:14:52","slug":"mileni","status":"publish","type":"product","link":"https:\/\/beyazbutik.com\/ar\/product\/mileni\/","title":{"rendered":"Mileni"},"content":{"rendered":"","protected":false},"excerpt":{"rendered":"<p>Minimal formu ve zarif duru\u015fuyla sade \u015f\u0131kl\u0131\u011f\u0131n en g\u00fc\u00e7l\u00fc hali.<\/p>\n","protected":false},"featured_media":28431,"template":"","meta":[],"product_brand":[],"product_cat":[316,198],"product_tag":[],"class_list":{"0":"post-28429","1":"product","2":"type-product","3":"status-publish","4":"has-post-thumbnail","6":"product_cat-etoile","7":"product_cat-gelinlik","9":"first","10":"instock","11":"shipping-taxable","12":"product-type-simple"},"_links":{"self":[{"href":"https:\/\/beyazbutik.com\/ar\/wp-json\/wp\/v2\/product\/28429","targetHints":{"allow":["GET"]}}],"collection":[{"href":"https:\/\/beyazbutik.com\/ar\/wp-json\/wp\/v2\/product"}],"about":[{"href":"https:\/\/beyazbutik.com\/ar\/wp-json\/wp\/v2\/types\/product"}],"version-history":[{"count":2,"href":"https:\/\/beyazbutik.com\/ar\/wp-json\/wp\/v2\/product\/28429\/revisions"}],"predecessor-version":[{"id":28439,"href":"https:\/\/beyazbutik.com\/ar\/wp-json\/wp\/v2\/product\/28429\/revisions\/28439"}],"wp:featuredmedia":[{"embeddable":true,"href":"https:\/\/beyazbutik.com\/ar\/wp-json\/wp\/v2\/media\/28431"}],"wp:attachment":[{"href":"https:\/\/beyazbutik.com\/ar\/wp-json\/wp\/v2\/media?parent=28429"}],"wp:term":[{"taxonomy":"product_brand","embeddable":true,"href":"https:\/\/beyazbutik.com\/ar\/wp-json\/wp\/v2\/product_brand?post=28429"},{"taxonomy":"product_cat","embeddable":true,"href":"https:\/\/beyazbutik.com\/ar\/wp-json\/wp\/v2\/product_cat?post=28429"},{"taxonomy":"product_tag","embeddable":true,"href":"https:\/\/beyazbutik.com\/ar\/wp-json\/wp\/v2\/product_tag?post=28429"}],"curies":[{"name":"wp","href":"https:\/\/api.w.org\/{rel}","templated":true}]}}