{"id":28453,"date":"2026-04-28T12:09:18","date_gmt":"2026-04-28T09:09:18","guid":{"rendered":"https:\/\/beyazbutik.com\/?post_type=product&#038;p=28453"},"modified":"2026-04-28T12:13:03","modified_gmt":"2026-04-28T09:13:03","slug":"nayara","status":"publish","type":"product","link":"https:\/\/beyazbutik.com\/ar\/product\/nayara\/","title":{"rendered":"Nayara"},"content":{"rendered":"","protected":false},"excerpt":{"rendered":"<p>Ak\u0131\u015fkan siluetiyle romantik ve g\u00fc\u00e7l\u00fc bir g\u00f6r\u00fcn\u00fcm sunar.<\/p>\n","protected":false},"featured_media":28455,"template":"","meta":[],"product_brand":[],"product_cat":[316,198],"product_tag":[],"class_list":{"0":"post-28453","1":"product","2":"type-product","3":"status-publish","4":"has-post-thumbnail","6":"product_cat-etoile","7":"product_cat-gelinlik","9":"first","10":"instock","11":"shipping-taxable","12":"product-type-simple"},"_links":{"self":[{"href":"https:\/\/beyazbutik.com\/ar\/wp-json\/wp\/v2\/product\/28453","targetHints":{"allow":["GET"]}}],"collection":[{"href":"https:\/\/beyazbutik.com\/ar\/wp-json\/wp\/v2\/product"}],"about":[{"href":"https:\/\/beyazbutik.com\/ar\/wp-json\/wp\/v2\/types\/product"}],"version-history":[{"count":1,"href":"https:\/\/beyazbutik.com\/ar\/wp-json\/wp\/v2\/product\/28453\/revisions"}],"predecessor-version":[{"id":28476,"href":"https:\/\/beyazbutik.com\/ar\/wp-json\/wp\/v2\/product\/28453\/revisions\/28476"}],"wp:featuredmedia":[{"embeddable":true,"href":"https:\/\/beyazbutik.com\/ar\/wp-json\/wp\/v2\/media\/28455"}],"wp:attachment":[{"href":"https:\/\/beyazbutik.com\/ar\/wp-json\/wp\/v2\/media?parent=28453"}],"wp:term":[{"taxonomy":"product_brand","embeddable":true,"href":"https:\/\/beyazbutik.com\/ar\/wp-json\/wp\/v2\/product_brand?post=28453"},{"taxonomy":"product_cat","embeddable":true,"href":"https:\/\/beyazbutik.com\/ar\/wp-json\/wp\/v2\/product_cat?post=28453"},{"taxonomy":"product_tag","embeddable":true,"href":"https:\/\/beyazbutik.com\/ar\/wp-json\/wp\/v2\/product_tag?post=28453"}],"curies":[{"name":"wp","href":"https:\/\/api.w.org\/{rel}","templated":true}]}}