{"id":28478,"date":"2026-04-28T12:14:26","date_gmt":"2026-04-28T09:14:26","guid":{"rendered":"https:\/\/beyazbutik.com\/?post_type=product&#038;p=28478"},"modified":"2026-04-28T12:16:40","modified_gmt":"2026-04-28T09:16:40","slug":"remedios","status":"publish","type":"product","link":"https:\/\/beyazbutik.com\/ar\/product\/remedios\/","title":{"rendered":"Remedios"},"content":{"rendered":"","protected":false},"excerpt":{"rendered":"<p>Feminen detaylar\u0131yla dikkat \u00e7eken, zamans\u0131z bir tasar\u0131m.<\/p>\n","protected":false},"featured_media":28480,"template":"","meta":[],"product_brand":[],"product_cat":[316,198],"product_tag":[],"class_list":{"0":"post-28478","1":"product","2":"type-product","3":"status-publish","4":"has-post-thumbnail","6":"product_cat-etoile","7":"product_cat-gelinlik","9":"first","10":"instock","11":"shipping-taxable","12":"product-type-simple"},"_links":{"self":[{"href":"https:\/\/beyazbutik.com\/ar\/wp-json\/wp\/v2\/product\/28478","targetHints":{"allow":["GET"]}}],"collection":[{"href":"https:\/\/beyazbutik.com\/ar\/wp-json\/wp\/v2\/product"}],"about":[{"href":"https:\/\/beyazbutik.com\/ar\/wp-json\/wp\/v2\/types\/product"}],"version-history":[{"count":1,"href":"https:\/\/beyazbutik.com\/ar\/wp-json\/wp\/v2\/product\/28478\/revisions"}],"predecessor-version":[{"id":28486,"href":"https:\/\/beyazbutik.com\/ar\/wp-json\/wp\/v2\/product\/28478\/revisions\/28486"}],"wp:featuredmedia":[{"embeddable":true,"href":"https:\/\/beyazbutik.com\/ar\/wp-json\/wp\/v2\/media\/28480"}],"wp:attachment":[{"href":"https:\/\/beyazbutik.com\/ar\/wp-json\/wp\/v2\/media?parent=28478"}],"wp:term":[{"taxonomy":"product_brand","embeddable":true,"href":"https:\/\/beyazbutik.com\/ar\/wp-json\/wp\/v2\/product_brand?post=28478"},{"taxonomy":"product_cat","embeddable":true,"href":"https:\/\/beyazbutik.com\/ar\/wp-json\/wp\/v2\/product_cat?post=28478"},{"taxonomy":"product_tag","embeddable":true,"href":"https:\/\/beyazbutik.com\/ar\/wp-json\/wp\/v2\/product_tag?post=28478"}],"curies":[{"name":"wp","href":"https:\/\/api.w.org\/{rel}","templated":true}]}}