{"id":28488,"date":"2026-04-28T12:17:38","date_gmt":"2026-04-28T09:17:38","guid":{"rendered":"https:\/\/beyazbutik.com\/?post_type=product&#038;p=28488"},"modified":"2026-04-28T12:19:30","modified_gmt":"2026-04-28T09:19:30","slug":"liyona","status":"publish","type":"product","link":"https:\/\/beyazbutik.com\/ar\/product\/liyona\/","title":{"rendered":"Liyona"},"content":{"rendered":"","protected":false},"excerpt":{"rendered":"<p>Zarif dokular ve ak\u0131c\u0131 form ile kusursuz bir duru\u015f.<\/p>\n","protected":false},"featured_media":28490,"template":"","meta":[],"product_brand":[],"product_cat":[316,198],"product_tag":[],"class_list":{"0":"post-28488","1":"product","2":"type-product","3":"status-publish","4":"has-post-thumbnail","6":"product_cat-etoile","7":"product_cat-gelinlik","9":"first","10":"instock","11":"shipping-taxable","12":"product-type-simple"},"_links":{"self":[{"href":"https:\/\/beyazbutik.com\/ar\/wp-json\/wp\/v2\/product\/28488","targetHints":{"allow":["GET"]}}],"collection":[{"href":"https:\/\/beyazbutik.com\/ar\/wp-json\/wp\/v2\/product"}],"about":[{"href":"https:\/\/beyazbutik.com\/ar\/wp-json\/wp\/v2\/types\/product"}],"version-history":[{"count":1,"href":"https:\/\/beyazbutik.com\/ar\/wp-json\/wp\/v2\/product\/28488\/revisions"}],"predecessor-version":[{"id":28496,"href":"https:\/\/beyazbutik.com\/ar\/wp-json\/wp\/v2\/product\/28488\/revisions\/28496"}],"wp:featuredmedia":[{"embeddable":true,"href":"https:\/\/beyazbutik.com\/ar\/wp-json\/wp\/v2\/media\/28490"}],"wp:attachment":[{"href":"https:\/\/beyazbutik.com\/ar\/wp-json\/wp\/v2\/media?parent=28488"}],"wp:term":[{"taxonomy":"product_brand","embeddable":true,"href":"https:\/\/beyazbutik.com\/ar\/wp-json\/wp\/v2\/product_brand?post=28488"},{"taxonomy":"product_cat","embeddable":true,"href":"https:\/\/beyazbutik.com\/ar\/wp-json\/wp\/v2\/product_cat?post=28488"},{"taxonomy":"product_tag","embeddable":true,"href":"https:\/\/beyazbutik.com\/ar\/wp-json\/wp\/v2\/product_tag?post=28488"}],"curies":[{"name":"wp","href":"https:\/\/api.w.org\/{rel}","templated":true}]}}