{"id":28525,"date":"2026-04-28T12:28:48","date_gmt":"2026-04-28T09:28:48","guid":{"rendered":"https:\/\/beyazbutik.com\/?post_type=product&#038;p=28525"},"modified":"2026-04-28T12:30:13","modified_gmt":"2026-04-28T09:30:13","slug":"mathilda","status":"publish","type":"product","link":"https:\/\/beyazbutik.com\/ar\/product\/mathilda\/","title":{"rendered":"Mathilda"},"content":{"rendered":"","protected":false},"excerpt":{"rendered":"<p>Modern dokunu\u015flarla \u015fekillenen iddial\u0131 ve zarif bir tasar\u0131m.<\/p>\n","protected":false},"featured_media":28527,"template":"","meta":[],"product_brand":[],"product_cat":[316,198],"product_tag":[],"class_list":{"0":"post-28525","1":"product","2":"type-product","3":"status-publish","4":"has-post-thumbnail","6":"product_cat-etoile","7":"product_cat-gelinlik","9":"first","10":"instock","11":"shipping-taxable","12":"product-type-simple"},"_links":{"self":[{"href":"https:\/\/beyazbutik.com\/ar\/wp-json\/wp\/v2\/product\/28525","targetHints":{"allow":["GET"]}}],"collection":[{"href":"https:\/\/beyazbutik.com\/ar\/wp-json\/wp\/v2\/product"}],"about":[{"href":"https:\/\/beyazbutik.com\/ar\/wp-json\/wp\/v2\/types\/product"}],"version-history":[{"count":1,"href":"https:\/\/beyazbutik.com\/ar\/wp-json\/wp\/v2\/product\/28525\/revisions"}],"predecessor-version":[{"id":28533,"href":"https:\/\/beyazbutik.com\/ar\/wp-json\/wp\/v2\/product\/28525\/revisions\/28533"}],"wp:featuredmedia":[{"embeddable":true,"href":"https:\/\/beyazbutik.com\/ar\/wp-json\/wp\/v2\/media\/28527"}],"wp:attachment":[{"href":"https:\/\/beyazbutik.com\/ar\/wp-json\/wp\/v2\/media?parent=28525"}],"wp:term":[{"taxonomy":"product_brand","embeddable":true,"href":"https:\/\/beyazbutik.com\/ar\/wp-json\/wp\/v2\/product_brand?post=28525"},{"taxonomy":"product_cat","embeddable":true,"href":"https:\/\/beyazbutik.com\/ar\/wp-json\/wp\/v2\/product_cat?post=28525"},{"taxonomy":"product_tag","embeddable":true,"href":"https:\/\/beyazbutik.com\/ar\/wp-json\/wp\/v2\/product_tag?post=28525"}],"curies":[{"name":"wp","href":"https:\/\/api.w.org\/{rel}","templated":true}]}}