{"id":28535,"date":"2026-04-28T12:32:17","date_gmt":"2026-04-28T09:32:17","guid":{"rendered":"https:\/\/beyazbutik.com\/?post_type=product&#038;p=28535"},"modified":"2026-04-28T12:34:20","modified_gmt":"2026-04-28T09:34:20","slug":"josefa","status":"publish","type":"product","link":"https:\/\/beyazbutik.com\/ar\/product\/josefa\/","title":{"rendered":"Josefa"},"content":{"rendered":"","protected":false},"excerpt":{"rendered":"<p>Sade formu ve g\u00fc\u00e7l\u00fc duru\u015fuyla modern gelin i\u00e7in tasarland\u0131.<\/p>\n","protected":false},"featured_media":28537,"template":"","meta":[],"product_brand":[],"product_cat":[316,198],"product_tag":[],"class_list":{"0":"post-28535","1":"product","2":"type-product","3":"status-publish","4":"has-post-thumbnail","6":"product_cat-etoile","7":"product_cat-gelinlik","9":"first","10":"instock","11":"shipping-taxable","12":"product-type-simple"},"_links":{"self":[{"href":"https:\/\/beyazbutik.com\/ar\/wp-json\/wp\/v2\/product\/28535","targetHints":{"allow":["GET"]}}],"collection":[{"href":"https:\/\/beyazbutik.com\/ar\/wp-json\/wp\/v2\/product"}],"about":[{"href":"https:\/\/beyazbutik.com\/ar\/wp-json\/wp\/v2\/types\/product"}],"version-history":[{"count":1,"href":"https:\/\/beyazbutik.com\/ar\/wp-json\/wp\/v2\/product\/28535\/revisions"}],"predecessor-version":[{"id":28546,"href":"https:\/\/beyazbutik.com\/ar\/wp-json\/wp\/v2\/product\/28535\/revisions\/28546"}],"wp:featuredmedia":[{"embeddable":true,"href":"https:\/\/beyazbutik.com\/ar\/wp-json\/wp\/v2\/media\/28537"}],"wp:attachment":[{"href":"https:\/\/beyazbutik.com\/ar\/wp-json\/wp\/v2\/media?parent=28535"}],"wp:term":[{"taxonomy":"product_brand","embeddable":true,"href":"https:\/\/beyazbutik.com\/ar\/wp-json\/wp\/v2\/product_brand?post=28535"},{"taxonomy":"product_cat","embeddable":true,"href":"https:\/\/beyazbutik.com\/ar\/wp-json\/wp\/v2\/product_cat?post=28535"},{"taxonomy":"product_tag","embeddable":true,"href":"https:\/\/beyazbutik.com\/ar\/wp-json\/wp\/v2\/product_tag?post=28535"}],"curies":[{"name":"wp","href":"https:\/\/api.w.org\/{rel}","templated":true}]}}