{"id":28548,"date":"2026-04-28T12:35:21","date_gmt":"2026-04-28T09:35:21","guid":{"rendered":"https:\/\/beyazbutik.com\/?post_type=product&#038;p=28548"},"modified":"2026-04-28T12:37:40","modified_gmt":"2026-04-28T09:37:40","slug":"sylvie","status":"publish","type":"product","link":"https:\/\/beyazbutik.com\/ar\/product\/sylvie\/","title":{"rendered":"Sylvie"},"content":{"rendered":"","protected":false},"excerpt":{"rendered":"<p>Zarif formu ve sade detaylar\u0131yla zamans\u0131z bir \u015f\u0131kl\u0131k sunar.<\/p>\n","protected":false},"featured_media":28550,"template":"","meta":[],"product_brand":[],"product_cat":[316,198],"product_tag":[],"class_list":{"0":"post-28548","1":"product","2":"type-product","3":"status-publish","4":"has-post-thumbnail","6":"product_cat-etoile","7":"product_cat-gelinlik","9":"first","10":"instock","11":"shipping-taxable","12":"product-type-simple"},"_links":{"self":[{"href":"https:\/\/beyazbutik.com\/ar\/wp-json\/wp\/v2\/product\/28548","targetHints":{"allow":["GET"]}}],"collection":[{"href":"https:\/\/beyazbutik.com\/ar\/wp-json\/wp\/v2\/product"}],"about":[{"href":"https:\/\/beyazbutik.com\/ar\/wp-json\/wp\/v2\/types\/product"}],"version-history":[{"count":1,"href":"https:\/\/beyazbutik.com\/ar\/wp-json\/wp\/v2\/product\/28548\/revisions"}],"predecessor-version":[{"id":28556,"href":"https:\/\/beyazbutik.com\/ar\/wp-json\/wp\/v2\/product\/28548\/revisions\/28556"}],"wp:featuredmedia":[{"embeddable":true,"href":"https:\/\/beyazbutik.com\/ar\/wp-json\/wp\/v2\/media\/28550"}],"wp:attachment":[{"href":"https:\/\/beyazbutik.com\/ar\/wp-json\/wp\/v2\/media?parent=28548"}],"wp:term":[{"taxonomy":"product_brand","embeddable":true,"href":"https:\/\/beyazbutik.com\/ar\/wp-json\/wp\/v2\/product_brand?post=28548"},{"taxonomy":"product_cat","embeddable":true,"href":"https:\/\/beyazbutik.com\/ar\/wp-json\/wp\/v2\/product_cat?post=28548"},{"taxonomy":"product_tag","embeddable":true,"href":"https:\/\/beyazbutik.com\/ar\/wp-json\/wp\/v2\/product_tag?post=28548"}],"curies":[{"name":"wp","href":"https:\/\/api.w.org\/{rel}","templated":true}]}}