{"id":28571,"date":"2026-04-28T12:42:34","date_gmt":"2026-04-28T09:42:34","guid":{"rendered":"https:\/\/beyazbutik.com\/?post_type=product&#038;p=28571"},"modified":"2026-04-28T12:45:09","modified_gmt":"2026-04-28T09:45:09","slug":"deep","status":"publish","type":"product","link":"https:\/\/beyazbutik.com\/ar\/product\/deep\/","title":{"rendered":"Deep"},"content":{"rendered":"","protected":false},"excerpt":{"rendered":"<p>Derin ve iddial\u0131 \u00e7izgileriyle dikkat \u00e7eken g\u00fc\u00e7l\u00fc bir tasar\u0131m.<\/p>\n","protected":false},"featured_media":28576,"template":"","meta":[],"product_brand":[],"product_cat":[316,198],"product_tag":[],"class_list":{"0":"post-28571","1":"product","2":"type-product","3":"status-publish","4":"has-post-thumbnail","6":"product_cat-etoile","7":"product_cat-gelinlik","9":"first","10":"instock","11":"shipping-taxable","12":"product-type-simple"},"_links":{"self":[{"href":"https:\/\/beyazbutik.com\/ar\/wp-json\/wp\/v2\/product\/28571","targetHints":{"allow":["GET"]}}],"collection":[{"href":"https:\/\/beyazbutik.com\/ar\/wp-json\/wp\/v2\/product"}],"about":[{"href":"https:\/\/beyazbutik.com\/ar\/wp-json\/wp\/v2\/types\/product"}],"version-history":[{"count":1,"href":"https:\/\/beyazbutik.com\/ar\/wp-json\/wp\/v2\/product\/28571\/revisions"}],"predecessor-version":[{"id":28585,"href":"https:\/\/beyazbutik.com\/ar\/wp-json\/wp\/v2\/product\/28571\/revisions\/28585"}],"wp:featuredmedia":[{"embeddable":true,"href":"https:\/\/beyazbutik.com\/ar\/wp-json\/wp\/v2\/media\/28576"}],"wp:attachment":[{"href":"https:\/\/beyazbutik.com\/ar\/wp-json\/wp\/v2\/media?parent=28571"}],"wp:term":[{"taxonomy":"product_brand","embeddable":true,"href":"https:\/\/beyazbutik.com\/ar\/wp-json\/wp\/v2\/product_brand?post=28571"},{"taxonomy":"product_cat","embeddable":true,"href":"https:\/\/beyazbutik.com\/ar\/wp-json\/wp\/v2\/product_cat?post=28571"},{"taxonomy":"product_tag","embeddable":true,"href":"https:\/\/beyazbutik.com\/ar\/wp-json\/wp\/v2\/product_tag?post=28571"}],"curies":[{"name":"wp","href":"https:\/\/api.w.org\/{rel}","templated":true}]}}