{"id":28619,"date":"2026-04-28T13:03:14","date_gmt":"2026-04-28T10:03:14","guid":{"rendered":"https:\/\/beyazbutik.com\/?post_type=product&#038;p=28619"},"modified":"2026-04-28T13:05:00","modified_gmt":"2026-04-28T10:05:00","slug":"fluer","status":"publish","type":"product","link":"https:\/\/beyazbutik.com\/ar\/product\/fluer\/","title":{"rendered":"Fluer"},"content":{"rendered":"","protected":false},"excerpt":{"rendered":"<p>Hafif ve \u00f6zg\u00fcr bir siluetle do\u011fal bir zarafet sunar.<\/p>\n","protected":false},"featured_media":28621,"template":"","meta":[],"product_brand":[],"product_cat":[316],"product_tag":[],"class_list":{"0":"post-28619","1":"product","2":"type-product","3":"status-publish","4":"has-post-thumbnail","6":"product_cat-etoile","8":"first","9":"instock","10":"shipping-taxable","11":"product-type-simple"},"_links":{"self":[{"href":"https:\/\/beyazbutik.com\/ar\/wp-json\/wp\/v2\/product\/28619","targetHints":{"allow":["GET"]}}],"collection":[{"href":"https:\/\/beyazbutik.com\/ar\/wp-json\/wp\/v2\/product"}],"about":[{"href":"https:\/\/beyazbutik.com\/ar\/wp-json\/wp\/v2\/types\/product"}],"version-history":[{"count":1,"href":"https:\/\/beyazbutik.com\/ar\/wp-json\/wp\/v2\/product\/28619\/revisions"}],"predecessor-version":[{"id":28627,"href":"https:\/\/beyazbutik.com\/ar\/wp-json\/wp\/v2\/product\/28619\/revisions\/28627"}],"wp:featuredmedia":[{"embeddable":true,"href":"https:\/\/beyazbutik.com\/ar\/wp-json\/wp\/v2\/media\/28621"}],"wp:attachment":[{"href":"https:\/\/beyazbutik.com\/ar\/wp-json\/wp\/v2\/media?parent=28619"}],"wp:term":[{"taxonomy":"product_brand","embeddable":true,"href":"https:\/\/beyazbutik.com\/ar\/wp-json\/wp\/v2\/product_brand?post=28619"},{"taxonomy":"product_cat","embeddable":true,"href":"https:\/\/beyazbutik.com\/ar\/wp-json\/wp\/v2\/product_cat?post=28619"},{"taxonomy":"product_tag","embeddable":true,"href":"https:\/\/beyazbutik.com\/ar\/wp-json\/wp\/v2\/product_tag?post=28619"}],"curies":[{"name":"wp","href":"https:\/\/api.w.org\/{rel}","templated":true}]}}