{"id":28649,"date":"2026-04-28T13:12:37","date_gmt":"2026-04-28T10:12:37","guid":{"rendered":"https:\/\/beyazbutik.com\/?post_type=product&#038;p=28649"},"modified":"2026-04-28T13:13:36","modified_gmt":"2026-04-28T10:13:36","slug":"spencer","status":"publish","type":"product","link":"https:\/\/beyazbutik.com\/ar\/product\/spencer\/","title":{"rendered":"Spencer"},"content":{"rendered":"","protected":false},"excerpt":{"rendered":"<p>Modern \u00e7izgilerle \u015fekillenen sade ve iddial\u0131 bir tasar\u0131m.<\/p>\n","protected":false},"featured_media":28651,"template":"","meta":[],"product_brand":[],"product_cat":[316],"product_tag":[],"class_list":{"0":"post-28649","1":"product","2":"type-product","3":"status-publish","4":"has-post-thumbnail","6":"product_cat-etoile","8":"first","9":"instock","10":"shipping-taxable","11":"product-type-simple"},"_links":{"self":[{"href":"https:\/\/beyazbutik.com\/ar\/wp-json\/wp\/v2\/product\/28649","targetHints":{"allow":["GET"]}}],"collection":[{"href":"https:\/\/beyazbutik.com\/ar\/wp-json\/wp\/v2\/product"}],"about":[{"href":"https:\/\/beyazbutik.com\/ar\/wp-json\/wp\/v2\/types\/product"}],"version-history":[{"count":1,"href":"https:\/\/beyazbutik.com\/ar\/wp-json\/wp\/v2\/product\/28649\/revisions"}],"predecessor-version":[{"id":28654,"href":"https:\/\/beyazbutik.com\/ar\/wp-json\/wp\/v2\/product\/28649\/revisions\/28654"}],"wp:featuredmedia":[{"embeddable":true,"href":"https:\/\/beyazbutik.com\/ar\/wp-json\/wp\/v2\/media\/28651"}],"wp:attachment":[{"href":"https:\/\/beyazbutik.com\/ar\/wp-json\/wp\/v2\/media?parent=28649"}],"wp:term":[{"taxonomy":"product_brand","embeddable":true,"href":"https:\/\/beyazbutik.com\/ar\/wp-json\/wp\/v2\/product_brand?post=28649"},{"taxonomy":"product_cat","embeddable":true,"href":"https:\/\/beyazbutik.com\/ar\/wp-json\/wp\/v2\/product_cat?post=28649"},{"taxonomy":"product_tag","embeddable":true,"href":"https:\/\/beyazbutik.com\/ar\/wp-json\/wp\/v2\/product_tag?post=28649"}],"curies":[{"name":"wp","href":"https:\/\/api.w.org\/{rel}","templated":true}]}}