{"id":28721,"date":"2026-04-28T13:32:51","date_gmt":"2026-04-28T10:32:51","guid":{"rendered":"https:\/\/beyazbutik.com\/?post_type=product&#038;p=28721"},"modified":"2026-04-28T13:34:30","modified_gmt":"2026-04-28T10:34:30","slug":"vina","status":"publish","type":"product","link":"https:\/\/beyazbutik.com\/ar\/product\/vina\/","title":{"rendered":"Vina"},"content":{"rendered":"","protected":false},"excerpt":{"rendered":"<p>Sade \u00e7izgileriyle g\u00fc\u00e7l\u00fc ve net bir siluet.<\/p>\n","protected":false},"featured_media":28723,"template":"","meta":[],"product_brand":[],"product_cat":[316],"product_tag":[],"class_list":{"0":"post-28721","1":"product","2":"type-product","3":"status-publish","4":"has-post-thumbnail","6":"product_cat-etoile","8":"first","9":"instock","10":"shipping-taxable","11":"product-type-simple"},"_links":{"self":[{"href":"https:\/\/beyazbutik.com\/ar\/wp-json\/wp\/v2\/product\/28721","targetHints":{"allow":["GET"]}}],"collection":[{"href":"https:\/\/beyazbutik.com\/ar\/wp-json\/wp\/v2\/product"}],"about":[{"href":"https:\/\/beyazbutik.com\/ar\/wp-json\/wp\/v2\/types\/product"}],"version-history":[{"count":1,"href":"https:\/\/beyazbutik.com\/ar\/wp-json\/wp\/v2\/product\/28721\/revisions"}],"predecessor-version":[{"id":28729,"href":"https:\/\/beyazbutik.com\/ar\/wp-json\/wp\/v2\/product\/28721\/revisions\/28729"}],"wp:featuredmedia":[{"embeddable":true,"href":"https:\/\/beyazbutik.com\/ar\/wp-json\/wp\/v2\/media\/28723"}],"wp:attachment":[{"href":"https:\/\/beyazbutik.com\/ar\/wp-json\/wp\/v2\/media?parent=28721"}],"wp:term":[{"taxonomy":"product_brand","embeddable":true,"href":"https:\/\/beyazbutik.com\/ar\/wp-json\/wp\/v2\/product_brand?post=28721"},{"taxonomy":"product_cat","embeddable":true,"href":"https:\/\/beyazbutik.com\/ar\/wp-json\/wp\/v2\/product_cat?post=28721"},{"taxonomy":"product_tag","embeddable":true,"href":"https:\/\/beyazbutik.com\/ar\/wp-json\/wp\/v2\/product_tag?post=28721"}],"curies":[{"name":"wp","href":"https:\/\/api.w.org\/{rel}","templated":true}]}}