{"id":28732,"date":"2026-04-28T13:37:03","date_gmt":"2026-04-28T10:37:03","guid":{"rendered":"https:\/\/beyazbutik.com\/?post_type=product&#038;p=28732"},"modified":"2026-04-28T13:39:28","modified_gmt":"2026-04-28T10:39:28","slug":"fiora","status":"publish","type":"product","link":"https:\/\/beyazbutik.com\/ar\/product\/fiora\/","title":{"rendered":"Fiora"},"content":{"rendered":"","protected":false},"excerpt":{"rendered":"<p>Hacimli detaylar\u0131yla romantik ve dikkat \u00e7ekici bir tasar\u0131m.<\/p>\n","protected":false},"featured_media":28734,"template":"","meta":[],"product_brand":[],"product_cat":[316],"product_tag":[],"class_list":{"0":"post-28732","1":"product","2":"type-product","3":"status-publish","4":"has-post-thumbnail","6":"product_cat-etoile","8":"first","9":"instock","10":"shipping-taxable","11":"product-type-simple"},"_links":{"self":[{"href":"https:\/\/beyazbutik.com\/ar\/wp-json\/wp\/v2\/product\/28732","targetHints":{"allow":["GET"]}}],"collection":[{"href":"https:\/\/beyazbutik.com\/ar\/wp-json\/wp\/v2\/product"}],"about":[{"href":"https:\/\/beyazbutik.com\/ar\/wp-json\/wp\/v2\/types\/product"}],"version-history":[{"count":1,"href":"https:\/\/beyazbutik.com\/ar\/wp-json\/wp\/v2\/product\/28732\/revisions"}],"predecessor-version":[{"id":28740,"href":"https:\/\/beyazbutik.com\/ar\/wp-json\/wp\/v2\/product\/28732\/revisions\/28740"}],"wp:featuredmedia":[{"embeddable":true,"href":"https:\/\/beyazbutik.com\/ar\/wp-json\/wp\/v2\/media\/28734"}],"wp:attachment":[{"href":"https:\/\/beyazbutik.com\/ar\/wp-json\/wp\/v2\/media?parent=28732"}],"wp:term":[{"taxonomy":"product_brand","embeddable":true,"href":"https:\/\/beyazbutik.com\/ar\/wp-json\/wp\/v2\/product_brand?post=28732"},{"taxonomy":"product_cat","embeddable":true,"href":"https:\/\/beyazbutik.com\/ar\/wp-json\/wp\/v2\/product_cat?post=28732"},{"taxonomy":"product_tag","embeddable":true,"href":"https:\/\/beyazbutik.com\/ar\/wp-json\/wp\/v2\/product_tag?post=28732"}],"curies":[{"name":"wp","href":"https:\/\/api.w.org\/{rel}","templated":true}]}}