{"id":28741,"date":"2026-04-28T13:39:32","date_gmt":"2026-04-28T10:39:32","guid":{"rendered":"https:\/\/beyazbutik.com\/?post_type=product&#038;p=28741"},"modified":"2026-04-28T13:41:16","modified_gmt":"2026-04-28T10:41:16","slug":"izay","status":"publish","type":"product","link":"https:\/\/beyazbutik.com\/ar\/product\/izay\/","title":{"rendered":"\u0130zay"},"content":{"rendered":"","protected":false},"excerpt":{"rendered":"<p>Modern ve minimal yap\u0131s\u0131yla g\u00fc\u00e7l\u00fc bir karakter sunar.<\/p>\n","protected":false},"featured_media":28744,"template":"","meta":[],"product_brand":[],"product_cat":[316],"product_tag":[],"class_list":{"0":"post-28741","1":"product","2":"type-product","3":"status-publish","4":"has-post-thumbnail","6":"product_cat-etoile","8":"first","9":"instock","10":"shipping-taxable","11":"product-type-simple"},"_links":{"self":[{"href":"https:\/\/beyazbutik.com\/ar\/wp-json\/wp\/v2\/product\/28741","targetHints":{"allow":["GET"]}}],"collection":[{"href":"https:\/\/beyazbutik.com\/ar\/wp-json\/wp\/v2\/product"}],"about":[{"href":"https:\/\/beyazbutik.com\/ar\/wp-json\/wp\/v2\/types\/product"}],"version-history":[{"count":1,"href":"https:\/\/beyazbutik.com\/ar\/wp-json\/wp\/v2\/product\/28741\/revisions"}],"predecessor-version":[{"id":28750,"href":"https:\/\/beyazbutik.com\/ar\/wp-json\/wp\/v2\/product\/28741\/revisions\/28750"}],"wp:featuredmedia":[{"embeddable":true,"href":"https:\/\/beyazbutik.com\/ar\/wp-json\/wp\/v2\/media\/28744"}],"wp:attachment":[{"href":"https:\/\/beyazbutik.com\/ar\/wp-json\/wp\/v2\/media?parent=28741"}],"wp:term":[{"taxonomy":"product_brand","embeddable":true,"href":"https:\/\/beyazbutik.com\/ar\/wp-json\/wp\/v2\/product_brand?post=28741"},{"taxonomy":"product_cat","embeddable":true,"href":"https:\/\/beyazbutik.com\/ar\/wp-json\/wp\/v2\/product_cat?post=28741"},{"taxonomy":"product_tag","embeddable":true,"href":"https:\/\/beyazbutik.com\/ar\/wp-json\/wp\/v2\/product_tag?post=28741"}],"curies":[{"name":"wp","href":"https:\/\/api.w.org\/{rel}","templated":true}]}}