{"id":28765,"date":"2026-04-28T14:16:39","date_gmt":"2026-04-28T11:16:39","guid":{"rendered":"https:\/\/beyazbutik.com\/?post_type=product&#038;p=28765"},"modified":"2026-04-28T14:20:15","modified_gmt":"2026-04-28T11:20:15","slug":"azurelle","status":"publish","type":"product","link":"https:\/\/beyazbutik.com\/ar\/product\/azurelle\/","title":{"rendered":"Azurelle"},"content":{"rendered":"","protected":false},"excerpt":{"rendered":"<p>Ak\u0131c\u0131 yap\u0131s\u0131 ve g\u00fc\u00e7l\u00fc rengiyle dikkat \u00e7eken modern bir tasar\u0131m.<\/p>\n","protected":false},"featured_media":28768,"template":"","meta":[],"product_brand":[],"product_cat":[200,316],"product_tag":[],"class_list":{"0":"post-28765","1":"product","2":"type-product","3":"status-publish","4":"has-post-thumbnail","6":"product_cat-abiye","7":"product_cat-etoile","9":"first","10":"instock","11":"shipping-taxable","12":"product-type-simple"},"_links":{"self":[{"href":"https:\/\/beyazbutik.com\/ar\/wp-json\/wp\/v2\/product\/28765","targetHints":{"allow":["GET"]}}],"collection":[{"href":"https:\/\/beyazbutik.com\/ar\/wp-json\/wp\/v2\/product"}],"about":[{"href":"https:\/\/beyazbutik.com\/ar\/wp-json\/wp\/v2\/types\/product"}],"version-history":[{"count":2,"href":"https:\/\/beyazbutik.com\/ar\/wp-json\/wp\/v2\/product\/28765\/revisions"}],"predecessor-version":[{"id":28789,"href":"https:\/\/beyazbutik.com\/ar\/wp-json\/wp\/v2\/product\/28765\/revisions\/28789"}],"wp:featuredmedia":[{"embeddable":true,"href":"https:\/\/beyazbutik.com\/ar\/wp-json\/wp\/v2\/media\/28768"}],"wp:attachment":[{"href":"https:\/\/beyazbutik.com\/ar\/wp-json\/wp\/v2\/media?parent=28765"}],"wp:term":[{"taxonomy":"product_brand","embeddable":true,"href":"https:\/\/beyazbutik.com\/ar\/wp-json\/wp\/v2\/product_brand?post=28765"},{"taxonomy":"product_cat","embeddable":true,"href":"https:\/\/beyazbutik.com\/ar\/wp-json\/wp\/v2\/product_cat?post=28765"},{"taxonomy":"product_tag","embeddable":true,"href":"https:\/\/beyazbutik.com\/ar\/wp-json\/wp\/v2\/product_tag?post=28765"}],"curies":[{"name":"wp","href":"https:\/\/api.w.org\/{rel}","templated":true}]}}