{"id":28776,"date":"2026-04-28T14:21:13","date_gmt":"2026-04-28T11:21:13","guid":{"rendered":"https:\/\/beyazbutik.com\/?post_type=product&#038;p=28776"},"modified":"2026-04-28T14:24:50","modified_gmt":"2026-04-28T11:24:50","slug":"savina","status":"publish","type":"product","link":"https:\/\/beyazbutik.com\/ar\/product\/savina\/","title":{"rendered":"Savina"},"content":{"rendered":"","protected":false},"excerpt":{"rendered":"<p>Minimal formu zarif detaylarla tamamlayan dengeli bir \u015f\u0131kl\u0131k.<\/p>\n","protected":false},"featured_media":28778,"template":"","meta":[],"product_brand":[],"product_cat":[200,316],"product_tag":[],"class_list":{"0":"post-28776","1":"product","2":"type-product","3":"status-publish","4":"has-post-thumbnail","6":"product_cat-abiye","7":"product_cat-etoile","9":"first","10":"instock","11":"shipping-taxable","12":"product-type-simple"},"_links":{"self":[{"href":"https:\/\/beyazbutik.com\/ar\/wp-json\/wp\/v2\/product\/28776","targetHints":{"allow":["GET"]}}],"collection":[{"href":"https:\/\/beyazbutik.com\/ar\/wp-json\/wp\/v2\/product"}],"about":[{"href":"https:\/\/beyazbutik.com\/ar\/wp-json\/wp\/v2\/types\/product"}],"version-history":[{"count":1,"href":"https:\/\/beyazbutik.com\/ar\/wp-json\/wp\/v2\/product\/28776\/revisions"}],"predecessor-version":[{"id":28784,"href":"https:\/\/beyazbutik.com\/ar\/wp-json\/wp\/v2\/product\/28776\/revisions\/28784"}],"wp:featuredmedia":[{"embeddable":true,"href":"https:\/\/beyazbutik.com\/ar\/wp-json\/wp\/v2\/media\/28778"}],"wp:attachment":[{"href":"https:\/\/beyazbutik.com\/ar\/wp-json\/wp\/v2\/media?parent=28776"}],"wp:term":[{"taxonomy":"product_brand","embeddable":true,"href":"https:\/\/beyazbutik.com\/ar\/wp-json\/wp\/v2\/product_brand?post=28776"},{"taxonomy":"product_cat","embeddable":true,"href":"https:\/\/beyazbutik.com\/ar\/wp-json\/wp\/v2\/product_cat?post=28776"},{"taxonomy":"product_tag","embeddable":true,"href":"https:\/\/beyazbutik.com\/ar\/wp-json\/wp\/v2\/product_tag?post=28776"}],"curies":[{"name":"wp","href":"https:\/\/api.w.org\/{rel}","templated":true}]}}