{"id":28798,"date":"2026-04-28T14:29:24","date_gmt":"2026-04-28T11:29:24","guid":{"rendered":"https:\/\/beyazbutik.com\/?post_type=product&#038;p=28798"},"modified":"2026-04-28T14:30:56","modified_gmt":"2026-04-28T11:30:56","slug":"zoeaura","status":"publish","type":"product","link":"https:\/\/beyazbutik.com\/ar\/product\/zoeaura\/","title":{"rendered":"Zoe Aura"},"content":{"rendered":"","protected":false},"excerpt":{"rendered":"<p>Hacimli yap\u0131s\u0131 ve romantik dokusuyla b\u00fcy\u00fcleyici bir etki.<\/p>\n","protected":false},"featured_media":28800,"template":"","meta":[],"product_brand":[],"product_cat":[200,316],"product_tag":[],"class_list":{"0":"post-28798","1":"product","2":"type-product","3":"status-publish","4":"has-post-thumbnail","6":"product_cat-abiye","7":"product_cat-etoile","9":"first","10":"instock","11":"shipping-taxable","12":"product-type-simple"},"_links":{"self":[{"href":"https:\/\/beyazbutik.com\/ar\/wp-json\/wp\/v2\/product\/28798","targetHints":{"allow":["GET"]}}],"collection":[{"href":"https:\/\/beyazbutik.com\/ar\/wp-json\/wp\/v2\/product"}],"about":[{"href":"https:\/\/beyazbutik.com\/ar\/wp-json\/wp\/v2\/types\/product"}],"version-history":[{"count":1,"href":"https:\/\/beyazbutik.com\/ar\/wp-json\/wp\/v2\/product\/28798\/revisions"}],"predecessor-version":[{"id":28806,"href":"https:\/\/beyazbutik.com\/ar\/wp-json\/wp\/v2\/product\/28798\/revisions\/28806"}],"wp:featuredmedia":[{"embeddable":true,"href":"https:\/\/beyazbutik.com\/ar\/wp-json\/wp\/v2\/media\/28800"}],"wp:attachment":[{"href":"https:\/\/beyazbutik.com\/ar\/wp-json\/wp\/v2\/media?parent=28798"}],"wp:term":[{"taxonomy":"product_brand","embeddable":true,"href":"https:\/\/beyazbutik.com\/ar\/wp-json\/wp\/v2\/product_brand?post=28798"},{"taxonomy":"product_cat","embeddable":true,"href":"https:\/\/beyazbutik.com\/ar\/wp-json\/wp\/v2\/product_cat?post=28798"},{"taxonomy":"product_tag","embeddable":true,"href":"https:\/\/beyazbutik.com\/ar\/wp-json\/wp\/v2\/product_tag?post=28798"}],"curies":[{"name":"wp","href":"https:\/\/api.w.org\/{rel}","templated":true}]}}