{"id":28821,"date":"2026-04-28T14:33:50","date_gmt":"2026-04-28T11:33:50","guid":{"rendered":"https:\/\/beyazbutik.com\/?post_type=product&#038;p=28821"},"modified":"2026-04-28T14:35:52","modified_gmt":"2026-04-28T11:35:52","slug":"dejablush","status":"publish","type":"product","link":"https:\/\/beyazbutik.com\/ar\/product\/dejablush\/","title":{"rendered":"Deja Blush"},"content":{"rendered":"","protected":false},"excerpt":{"rendered":"<p>Yumu\u015fak tonlar\u0131 ve zarif ge\u00e7i\u015fleriyle romantik bir g\u00f6r\u00fcn\u00fcm.<\/p>\n","protected":false},"featured_media":28823,"template":"","meta":[],"product_brand":[],"product_cat":[200,316],"product_tag":[],"class_list":{"0":"post-28821","1":"product","2":"type-product","3":"status-publish","4":"has-post-thumbnail","6":"product_cat-abiye","7":"product_cat-etoile","9":"first","10":"instock","11":"shipping-taxable","12":"product-type-simple"},"_links":{"self":[{"href":"https:\/\/beyazbutik.com\/ar\/wp-json\/wp\/v2\/product\/28821","targetHints":{"allow":["GET"]}}],"collection":[{"href":"https:\/\/beyazbutik.com\/ar\/wp-json\/wp\/v2\/product"}],"about":[{"href":"https:\/\/beyazbutik.com\/ar\/wp-json\/wp\/v2\/types\/product"}],"version-history":[{"count":1,"href":"https:\/\/beyazbutik.com\/ar\/wp-json\/wp\/v2\/product\/28821\/revisions"}],"predecessor-version":[{"id":28832,"href":"https:\/\/beyazbutik.com\/ar\/wp-json\/wp\/v2\/product\/28821\/revisions\/28832"}],"wp:featuredmedia":[{"embeddable":true,"href":"https:\/\/beyazbutik.com\/ar\/wp-json\/wp\/v2\/media\/28823"}],"wp:attachment":[{"href":"https:\/\/beyazbutik.com\/ar\/wp-json\/wp\/v2\/media?parent=28821"}],"wp:term":[{"taxonomy":"product_brand","embeddable":true,"href":"https:\/\/beyazbutik.com\/ar\/wp-json\/wp\/v2\/product_brand?post=28821"},{"taxonomy":"product_cat","embeddable":true,"href":"https:\/\/beyazbutik.com\/ar\/wp-json\/wp\/v2\/product_cat?post=28821"},{"taxonomy":"product_tag","embeddable":true,"href":"https:\/\/beyazbutik.com\/ar\/wp-json\/wp\/v2\/product_tag?post=28821"}],"curies":[{"name":"wp","href":"https:\/\/api.w.org\/{rel}","templated":true}]}}