{"id":28835,"date":"2026-04-28T14:37:33","date_gmt":"2026-04-28T11:37:33","guid":{"rendered":"https:\/\/beyazbutik.com\/?post_type=product&#038;p=28835"},"modified":"2026-04-28T14:39:13","modified_gmt":"2026-04-28T11:39:13","slug":"mirage","status":"publish","type":"product","link":"https:\/\/beyazbutik.com\/ar\/product\/mirage\/","title":{"rendered":"Mirage"},"content":{"rendered":"","protected":false},"excerpt":{"rendered":"<p>I\u015f\u0131lt\u0131l\u0131 y\u00fczeyiyle g\u00f6z al\u0131c\u0131 ve modern bir gece elbisesi.<\/p>\n","protected":false},"featured_media":28837,"template":"","meta":[],"product_brand":[],"product_cat":[200,316],"product_tag":[],"class_list":{"0":"post-28835","1":"product","2":"type-product","3":"status-publish","4":"has-post-thumbnail","6":"product_cat-abiye","7":"product_cat-etoile","9":"first","10":"instock","11":"shipping-taxable","12":"product-type-simple"},"_links":{"self":[{"href":"https:\/\/beyazbutik.com\/ar\/wp-json\/wp\/v2\/product\/28835","targetHints":{"allow":["GET"]}}],"collection":[{"href":"https:\/\/beyazbutik.com\/ar\/wp-json\/wp\/v2\/product"}],"about":[{"href":"https:\/\/beyazbutik.com\/ar\/wp-json\/wp\/v2\/types\/product"}],"version-history":[{"count":1,"href":"https:\/\/beyazbutik.com\/ar\/wp-json\/wp\/v2\/product\/28835\/revisions"}],"predecessor-version":[{"id":28843,"href":"https:\/\/beyazbutik.com\/ar\/wp-json\/wp\/v2\/product\/28835\/revisions\/28843"}],"wp:featuredmedia":[{"embeddable":true,"href":"https:\/\/beyazbutik.com\/ar\/wp-json\/wp\/v2\/media\/28837"}],"wp:attachment":[{"href":"https:\/\/beyazbutik.com\/ar\/wp-json\/wp\/v2\/media?parent=28835"}],"wp:term":[{"taxonomy":"product_brand","embeddable":true,"href":"https:\/\/beyazbutik.com\/ar\/wp-json\/wp\/v2\/product_brand?post=28835"},{"taxonomy":"product_cat","embeddable":true,"href":"https:\/\/beyazbutik.com\/ar\/wp-json\/wp\/v2\/product_cat?post=28835"},{"taxonomy":"product_tag","embeddable":true,"href":"https:\/\/beyazbutik.com\/ar\/wp-json\/wp\/v2\/product_tag?post=28835"}],"curies":[{"name":"wp","href":"https:\/\/api.w.org\/{rel}","templated":true}]}}