{"id":28845,"date":"2026-04-28T14:39:44","date_gmt":"2026-04-28T11:39:44","guid":{"rendered":"https:\/\/beyazbutik.com\/?post_type=product&#038;p=28845"},"modified":"2026-04-28T14:41:43","modified_gmt":"2026-04-28T11:41:43","slug":"verdea","status":"publish","type":"product","link":"https:\/\/beyazbutik.com\/ar\/product\/verdea\/","title":{"rendered":"Verdea"},"content":{"rendered":"","protected":false},"excerpt":{"rendered":"<p>Do\u011fal tonlar\u0131 ve ak\u0131c\u0131 formuyla sade ama g\u00fc\u00e7l\u00fc bir etki.<\/p>\n","protected":false},"featured_media":28848,"template":"","meta":[],"product_brand":[],"product_cat":[200,316],"product_tag":[],"class_list":{"0":"post-28845","1":"product","2":"type-product","3":"status-publish","4":"has-post-thumbnail","6":"product_cat-abiye","7":"product_cat-etoile","9":"first","10":"instock","11":"shipping-taxable","12":"product-type-simple"},"_links":{"self":[{"href":"https:\/\/beyazbutik.com\/ar\/wp-json\/wp\/v2\/product\/28845","targetHints":{"allow":["GET"]}}],"collection":[{"href":"https:\/\/beyazbutik.com\/ar\/wp-json\/wp\/v2\/product"}],"about":[{"href":"https:\/\/beyazbutik.com\/ar\/wp-json\/wp\/v2\/types\/product"}],"version-history":[{"count":1,"href":"https:\/\/beyazbutik.com\/ar\/wp-json\/wp\/v2\/product\/28845\/revisions"}],"predecessor-version":[{"id":28854,"href":"https:\/\/beyazbutik.com\/ar\/wp-json\/wp\/v2\/product\/28845\/revisions\/28854"}],"wp:featuredmedia":[{"embeddable":true,"href":"https:\/\/beyazbutik.com\/ar\/wp-json\/wp\/v2\/media\/28848"}],"wp:attachment":[{"href":"https:\/\/beyazbutik.com\/ar\/wp-json\/wp\/v2\/media?parent=28845"}],"wp:term":[{"taxonomy":"product_brand","embeddable":true,"href":"https:\/\/beyazbutik.com\/ar\/wp-json\/wp\/v2\/product_brand?post=28845"},{"taxonomy":"product_cat","embeddable":true,"href":"https:\/\/beyazbutik.com\/ar\/wp-json\/wp\/v2\/product_cat?post=28845"},{"taxonomy":"product_tag","embeddable":true,"href":"https:\/\/beyazbutik.com\/ar\/wp-json\/wp\/v2\/product_tag?post=28845"}],"curies":[{"name":"wp","href":"https:\/\/api.w.org\/{rel}","templated":true}]}}