{"id":28872,"date":"2026-04-28T14:46:11","date_gmt":"2026-04-28T11:46:11","guid":{"rendered":"https:\/\/beyazbutik.com\/?post_type=product&#038;p=28872"},"modified":"2026-04-28T14:49:35","modified_gmt":"2026-04-28T11:49:35","slug":"lavella","status":"publish","type":"product","link":"https:\/\/beyazbutik.com\/ar\/product\/lavella\/","title":{"rendered":"Lavella"},"content":{"rendered":"","protected":false},"excerpt":{"rendered":"<p>Ak\u0131\u015fkan silueti ve yumu\u015fak tonlar\u0131yla zarif bir duru\u015f.<\/p>\n","protected":false},"featured_media":28874,"template":"","meta":[],"product_brand":[],"product_cat":[200,316],"product_tag":[],"class_list":{"0":"post-28872","1":"product","2":"type-product","3":"status-publish","4":"has-post-thumbnail","6":"product_cat-abiye","7":"product_cat-etoile","9":"first","10":"instock","11":"shipping-taxable","12":"product-type-simple"},"_links":{"self":[{"href":"https:\/\/beyazbutik.com\/ar\/wp-json\/wp\/v2\/product\/28872","targetHints":{"allow":["GET"]}}],"collection":[{"href":"https:\/\/beyazbutik.com\/ar\/wp-json\/wp\/v2\/product"}],"about":[{"href":"https:\/\/beyazbutik.com\/ar\/wp-json\/wp\/v2\/types\/product"}],"version-history":[{"count":1,"href":"https:\/\/beyazbutik.com\/ar\/wp-json\/wp\/v2\/product\/28872\/revisions"}],"predecessor-version":[{"id":28883,"href":"https:\/\/beyazbutik.com\/ar\/wp-json\/wp\/v2\/product\/28872\/revisions\/28883"}],"wp:featuredmedia":[{"embeddable":true,"href":"https:\/\/beyazbutik.com\/ar\/wp-json\/wp\/v2\/media\/28874"}],"wp:attachment":[{"href":"https:\/\/beyazbutik.com\/ar\/wp-json\/wp\/v2\/media?parent=28872"}],"wp:term":[{"taxonomy":"product_brand","embeddable":true,"href":"https:\/\/beyazbutik.com\/ar\/wp-json\/wp\/v2\/product_brand?post=28872"},{"taxonomy":"product_cat","embeddable":true,"href":"https:\/\/beyazbutik.com\/ar\/wp-json\/wp\/v2\/product_cat?post=28872"},{"taxonomy":"product_tag","embeddable":true,"href":"https:\/\/beyazbutik.com\/ar\/wp-json\/wp\/v2\/product_tag?post=28872"}],"curies":[{"name":"wp","href":"https:\/\/api.w.org\/{rel}","templated":true}]}}