{"id":28885,"date":"2026-04-28T14:50:31","date_gmt":"2026-04-28T11:50:31","guid":{"rendered":"https:\/\/beyazbutik.com\/?post_type=product&#038;p=28885"},"modified":"2026-04-28T14:55:41","modified_gmt":"2026-04-28T11:55:41","slug":"marsi-2","status":"publish","type":"product","link":"https:\/\/beyazbutik.com\/ar\/product\/marsi-2\/","title":{"rendered":"Marsi"},"content":{"rendered":"","protected":false},"excerpt":{"rendered":"<p>Net hatlar\u0131yla g\u00fc\u00e7l\u00fc ve minimal bir \u015f\u0131kl\u0131k sunar.<\/p>\n","protected":false},"featured_media":28887,"template":"","meta":[],"product_brand":[],"product_cat":[200,316],"product_tag":[],"class_list":{"0":"post-28885","1":"product","2":"type-product","3":"status-publish","4":"has-post-thumbnail","6":"product_cat-abiye","7":"product_cat-etoile","9":"first","10":"instock","11":"shipping-taxable","12":"product-type-simple"},"_links":{"self":[{"href":"https:\/\/beyazbutik.com\/ar\/wp-json\/wp\/v2\/product\/28885","targetHints":{"allow":["GET"]}}],"collection":[{"href":"https:\/\/beyazbutik.com\/ar\/wp-json\/wp\/v2\/product"}],"about":[{"href":"https:\/\/beyazbutik.com\/ar\/wp-json\/wp\/v2\/types\/product"}],"version-history":[{"count":1,"href":"https:\/\/beyazbutik.com\/ar\/wp-json\/wp\/v2\/product\/28885\/revisions"}],"predecessor-version":[{"id":28893,"href":"https:\/\/beyazbutik.com\/ar\/wp-json\/wp\/v2\/product\/28885\/revisions\/28893"}],"wp:featuredmedia":[{"embeddable":true,"href":"https:\/\/beyazbutik.com\/ar\/wp-json\/wp\/v2\/media\/28887"}],"wp:attachment":[{"href":"https:\/\/beyazbutik.com\/ar\/wp-json\/wp\/v2\/media?parent=28885"}],"wp:term":[{"taxonomy":"product_brand","embeddable":true,"href":"https:\/\/beyazbutik.com\/ar\/wp-json\/wp\/v2\/product_brand?post=28885"},{"taxonomy":"product_cat","embeddable":true,"href":"https:\/\/beyazbutik.com\/ar\/wp-json\/wp\/v2\/product_cat?post=28885"},{"taxonomy":"product_tag","embeddable":true,"href":"https:\/\/beyazbutik.com\/ar\/wp-json\/wp\/v2\/product_tag?post=28885"}],"curies":[{"name":"wp","href":"https:\/\/api.w.org\/{rel}","templated":true}]}}