{"id":28894,"date":"2026-04-28T14:55:44","date_gmt":"2026-04-28T11:55:44","guid":{"rendered":"https:\/\/beyazbutik.com\/?post_type=product&#038;p=28894"},"modified":"2026-04-28T14:57:56","modified_gmt":"2026-04-28T11:57:56","slug":"juliette","status":"publish","type":"product","link":"https:\/\/beyazbutik.com\/ar\/product\/juliette\/","title":{"rendered":"Juliette"},"content":{"rendered":"","protected":false},"excerpt":{"rendered":"<p>Romantik formu ve zarif detaylar\u0131yla zamans\u0131z bir par\u00e7a.<\/p>\n","protected":false},"featured_media":28896,"template":"","meta":[],"product_brand":[],"product_cat":[200,316],"product_tag":[],"class_list":{"0":"post-28894","1":"product","2":"type-product","3":"status-publish","4":"has-post-thumbnail","6":"product_cat-abiye","7":"product_cat-etoile","9":"first","10":"instock","11":"shipping-taxable","12":"product-type-simple"},"_links":{"self":[{"href":"https:\/\/beyazbutik.com\/ar\/wp-json\/wp\/v2\/product\/28894","targetHints":{"allow":["GET"]}}],"collection":[{"href":"https:\/\/beyazbutik.com\/ar\/wp-json\/wp\/v2\/product"}],"about":[{"href":"https:\/\/beyazbutik.com\/ar\/wp-json\/wp\/v2\/types\/product"}],"version-history":[{"count":1,"href":"https:\/\/beyazbutik.com\/ar\/wp-json\/wp\/v2\/product\/28894\/revisions"}],"predecessor-version":[{"id":28902,"href":"https:\/\/beyazbutik.com\/ar\/wp-json\/wp\/v2\/product\/28894\/revisions\/28902"}],"wp:featuredmedia":[{"embeddable":true,"href":"https:\/\/beyazbutik.com\/ar\/wp-json\/wp\/v2\/media\/28896"}],"wp:attachment":[{"href":"https:\/\/beyazbutik.com\/ar\/wp-json\/wp\/v2\/media?parent=28894"}],"wp:term":[{"taxonomy":"product_brand","embeddable":true,"href":"https:\/\/beyazbutik.com\/ar\/wp-json\/wp\/v2\/product_brand?post=28894"},{"taxonomy":"product_cat","embeddable":true,"href":"https:\/\/beyazbutik.com\/ar\/wp-json\/wp\/v2\/product_cat?post=28894"},{"taxonomy":"product_tag","embeddable":true,"href":"https:\/\/beyazbutik.com\/ar\/wp-json\/wp\/v2\/product_tag?post=28894"}],"curies":[{"name":"wp","href":"https:\/\/api.w.org\/{rel}","templated":true}]}}