{"id":28903,"date":"2026-04-28T14:58:04","date_gmt":"2026-04-28T11:58:04","guid":{"rendered":"https:\/\/beyazbutik.com\/?post_type=product&#038;p=28903"},"modified":"2026-04-28T15:06:15","modified_gmt":"2026-04-28T12:06:15","slug":"marigold","status":"publish","type":"product","link":"https:\/\/beyazbutik.com\/ar\/product\/marigold\/","title":{"rendered":"Marigold"},"content":{"rendered":"","protected":false},"excerpt":{"rendered":"<p>Canl\u0131 dokusu ve enerjik duru\u015fuyla dikkat \u00e7eker.<\/p>\n","protected":false},"featured_media":28907,"template":"","meta":[],"product_brand":[],"product_cat":[200,316],"product_tag":[],"class_list":{"0":"post-28903","1":"product","2":"type-product","3":"status-publish","4":"has-post-thumbnail","6":"product_cat-abiye","7":"product_cat-etoile","9":"first","10":"instock","11":"shipping-taxable","12":"product-type-simple"},"_links":{"self":[{"href":"https:\/\/beyazbutik.com\/ar\/wp-json\/wp\/v2\/product\/28903","targetHints":{"allow":["GET"]}}],"collection":[{"href":"https:\/\/beyazbutik.com\/ar\/wp-json\/wp\/v2\/product"}],"about":[{"href":"https:\/\/beyazbutik.com\/ar\/wp-json\/wp\/v2\/types\/product"}],"version-history":[{"count":1,"href":"https:\/\/beyazbutik.com\/ar\/wp-json\/wp\/v2\/product\/28903\/revisions"}],"predecessor-version":[{"id":28913,"href":"https:\/\/beyazbutik.com\/ar\/wp-json\/wp\/v2\/product\/28903\/revisions\/28913"}],"wp:featuredmedia":[{"embeddable":true,"href":"https:\/\/beyazbutik.com\/ar\/wp-json\/wp\/v2\/media\/28907"}],"wp:attachment":[{"href":"https:\/\/beyazbutik.com\/ar\/wp-json\/wp\/v2\/media?parent=28903"}],"wp:term":[{"taxonomy":"product_brand","embeddable":true,"href":"https:\/\/beyazbutik.com\/ar\/wp-json\/wp\/v2\/product_brand?post=28903"},{"taxonomy":"product_cat","embeddable":true,"href":"https:\/\/beyazbutik.com\/ar\/wp-json\/wp\/v2\/product_cat?post=28903"},{"taxonomy":"product_tag","embeddable":true,"href":"https:\/\/beyazbutik.com\/ar\/wp-json\/wp\/v2\/product_tag?post=28903"}],"curies":[{"name":"wp","href":"https:\/\/api.w.org\/{rel}","templated":true}]}}