{"id":28924,"date":"2026-04-28T15:08:42","date_gmt":"2026-04-28T12:08:42","guid":{"rendered":"https:\/\/beyazbutik.com\/?post_type=product&#038;p=28924"},"modified":"2026-04-28T15:11:25","modified_gmt":"2026-04-28T12:11:25","slug":"opaline","status":"publish","type":"product","link":"https:\/\/beyazbutik.com\/ar\/product\/opaline\/","title":{"rendered":"Opaline"},"content":{"rendered":"","protected":false},"excerpt":{"rendered":"<p>I\u015f\u0131lt\u0131l\u0131 y\u00fczeyi ve ak\u0131c\u0131 yap\u0131s\u0131yla sofistike bir final.<\/p>\n","protected":false},"featured_media":28926,"template":"","meta":[],"product_brand":[],"product_cat":[200,316],"product_tag":[],"class_list":{"0":"post-28924","1":"product","2":"type-product","3":"status-publish","4":"has-post-thumbnail","6":"product_cat-abiye","7":"product_cat-etoile","9":"first","10":"instock","11":"shipping-taxable","12":"product-type-simple"},"_links":{"self":[{"href":"https:\/\/beyazbutik.com\/ar\/wp-json\/wp\/v2\/product\/28924","targetHints":{"allow":["GET"]}}],"collection":[{"href":"https:\/\/beyazbutik.com\/ar\/wp-json\/wp\/v2\/product"}],"about":[{"href":"https:\/\/beyazbutik.com\/ar\/wp-json\/wp\/v2\/types\/product"}],"version-history":[{"count":1,"href":"https:\/\/beyazbutik.com\/ar\/wp-json\/wp\/v2\/product\/28924\/revisions"}],"predecessor-version":[{"id":28932,"href":"https:\/\/beyazbutik.com\/ar\/wp-json\/wp\/v2\/product\/28924\/revisions\/28932"}],"wp:featuredmedia":[{"embeddable":true,"href":"https:\/\/beyazbutik.com\/ar\/wp-json\/wp\/v2\/media\/28926"}],"wp:attachment":[{"href":"https:\/\/beyazbutik.com\/ar\/wp-json\/wp\/v2\/media?parent=28924"}],"wp:term":[{"taxonomy":"product_brand","embeddable":true,"href":"https:\/\/beyazbutik.com\/ar\/wp-json\/wp\/v2\/product_brand?post=28924"},{"taxonomy":"product_cat","embeddable":true,"href":"https:\/\/beyazbutik.com\/ar\/wp-json\/wp\/v2\/product_cat?post=28924"},{"taxonomy":"product_tag","embeddable":true,"href":"https:\/\/beyazbutik.com\/ar\/wp-json\/wp\/v2\/product_tag?post=28924"}],"curies":[{"name":"wp","href":"https:\/\/api.w.org\/{rel}","templated":true}]}}