{"id":22148,"date":"2021-07-15T09:21:29","date_gmt":"2021-07-15T06:21:29","guid":{"rendered":"https:\/\/beyazbutik.com\/cookie-policy\/"},"modified":"2025-03-01T00:52:02","modified_gmt":"2025-02-28T21:52:02","slug":"cookie-policy","status":"publish","type":"page","link":"https:\/\/beyazbutik.com\/en\/cookie-policy\/","title":{"rendered":"Cookie Policy"},"content":{"rendered":"\t\t<div data-elementor-type=\"wp-page\" data-elementor-id=\"22148\" class=\"elementor elementor-22148 elementor-19644\" data-elementor-post-type=\"page\">\n\t\t\t\t\t\t<section class=\"elementor-section elementor-top-section elementor-element elementor-element-958eaf1 elementor-section-boxed elementor-section-height-default elementor-section-height-default\" data-id=\"958eaf1\" data-element_type=\"section\" data-e-type=\"section\">\n\t\t\t\t\t\t<div class=\"elementor-container elementor-column-gap-default\">\n\t\t\t\t\t<div class=\"elementor-column elementor-col-33 elementor-top-column elementor-element elementor-element-2113269\" data-id=\"2113269\" data-element_type=\"column\" data-e-type=\"column\">\n\t\t\t<div class=\"elementor-widget-wrap\">\n\t\t\t\t\t\t\t<\/div>\n\t\t<\/div>\n\t\t\t\t<div class=\"elementor-column elementor-col-33 elementor-top-column elementor-element elementor-element-64bd35a\" data-id=\"64bd35a\" data-element_type=\"column\" data-e-type=\"column\">\n\t\t\t<div class=\"elementor-widget-wrap elementor-element-populated\">\n\t\t\t\t\t\t<div class=\"elementor-element elementor-element-9678d1a elementor-widget elementor-widget-text-editor\" data-id=\"9678d1a\" data-element_type=\"widget\" data-e-type=\"widget\" data-widget_type=\"text-editor.default\">\n\t\t\t\t<div class=\"elementor-widget-container\">\n\t\t\t\t\t\t\t\t\t<p><strong>BB29 TEKST\u0130L \u0130THALAT \u0130HRACAT SAN. LTD. \u015eT\u0130. \u00c7EREZ POL\u0130T\u0130KASI<\/strong>\u00a0BB29 Tekstil \u0130thalat \u0130hracat San. Ltd. \u015eti\u2019nin (bundan sonra\u00a0<strong>\u201cBeyaz Butik\u201d ya da \u201cBB29 Tekstil\u201d<\/strong>\u00a0olarak an\u0131lacakt\u0131r) olarak, kullan\u0131c\u0131lar\u0131m\u0131z\u0131n i\u015fbu https:\/\/www.beyazbutik.com.tr\/ arac\u0131l\u0131\u011f\u0131 ile sunulan e-ticaret hizmetleri ve bilgilendirmelerden g\u00fcvenli ve eksiksiz yararlanmas\u0131n\u0131 sa\u011flamak amac\u0131yla sitemizde \u00e7erezler (<em>cookies<\/em>) kullan\u0131yoruz. \u0130\u015fbu \u00c7erez Politikas\u0131, siteyi ziyaret eden kullan\u0131c\u0131lar\u0131m\u0131z\u0131 bilgilendirmek amac\u0131yla haz\u0131rlanm\u0131\u015ft\u0131r.<\/p><p><strong>1. \u00c7erez Nedir?<\/strong><\/p><p>\u00c7erezler, internet sitemiz, taray\u0131c\u0131lar\u0131m\u0131zda bilgi toplayabilmek, tercihlerinizle ilgili bir \u00f6zet olu\u015fturmak amac\u0131yla kulland\u0131\u011f\u0131m\u0131z ve bilgisayar\u0131n\u0131za, telefonunuza ya da herhangi bir ba\u015fka cihaz\u0131n\u0131za yerle\u015ftirilen k\u00fc\u00e7\u00fck metin dosyalar\u0131, bir di\u011fer deyi\u015fle veri depolama ara\u00e7lar\u0131d\u0131r. Bu metin dosyalar\u0131n\u0131n yan\u0131 s\u0131ra, \u00e7erezler gibi tan\u0131mlay\u0131c\u0131 i\u015flev g\u00f6ren yaz\u0131l\u0131m, piksel, beacon ya da di\u011fer etiketler de \u00e7erez olarak adland\u0131r\u0131lacakt\u0131r. \u00c7erezler, ziyaret etti\u011finiz sayfalara ili\u015fkin verileri taray\u0131p d\u00fczenler ve internet sitesini sizler i\u00e7in kullan\u0131c\u0131 dostu k\u0131lmay\u0131 ama\u00e7lar. T\u00fcm bunlar\u0131 yaparken, cihaz\u0131n\u0131za herhangi bir zarar vermezler. \u00c7erezler; ad\u0131n\u0131z\u0131, soyad\u0131n\u0131z\u0131, adresinizi, \u015fifrenizi ve hassas nitelikteki ki\u015fisel verilerinizi toplamaz ve kaydetmez.\u00a0<strong>\u00a0<\/strong><\/p><p><strong>2. \u00c7erezleri Kullan\u0131m Amac\u0131<\/strong><\/p><p>\u00c7erezler, genel olarak, internet sayfas\u0131n\u0131n i\u015flevini tam olarak yerine getirebilmesi i\u00e7in kullan\u0131l\u0131r. \u00c7erezler a\u015fa\u011f\u0131daki ama\u00e7lar dahilinde kullan\u0131l\u0131r:<\/p><ul><li style=\"list-style-type: none;\"><ul><li>\u00dcyelerimiz i\u00e7in beni hat\u0131rla butonunun do\u011fru \u015fekilde \u00e7al\u0131\u015fabilmesi,<\/li><li>aramalar\u0131n\u0131z\u0131 h\u0131zl\u0131 sonu\u00e7land\u0131rmak,<\/li><li>hesab\u0131n\u0131z\u0131 do\u011frulayabilmek ve hesaba giri\u015finizi belirlemek,<\/li><li>sayfalar aras\u0131nda gezinirken g\u00fcvende ve emniyette olman\u0131z\u0131 sa\u011flamak,<\/li><li>sitemizdeki ziyaret tecr\u00fcbeniz iyile\u015ftirmek,<\/li><li>hizmetleri size \u00f6zel hale getirilebilmek ve daha \u00f6nceki tercihlerinizden yola \u00e7\u0131karak \u00f6neriler sunabilmek<\/li><li>bir reklam\u0131n veya \u00fcr\u00fcn g\u00f6rselinin, ka\u00e7 kez g\u00f6sterildi\u011fini ve t\u0131kland\u0131\u011f\u0131n\u0131 sayabilmek ve bunlara ili\u015fkin istatistikler olu\u015fturabilmek,<\/li><\/ul><\/li><\/ul><p><strong>3. \u00c7erez \u00c7e\u015fitleri<\/strong><\/p><p>\u201cBeyaz Butik\u201d ya da \u201cBB29 Tekstil\u201dde kullan\u0131m s\u00fcrelerine g\u00f6re oturum \u00e7erezleri ve kal\u0131c\u0131 \u00e7erezler kullan\u0131lmaktad\u0131r. Oturum \u00e7erezleri, taray\u0131c\u0131n\u0131z\u0131 kapatt\u0131\u011f\u0131n\u0131zda sonlan\u0131r. Kal\u0131c\u0131 \u00e7erezler ise sabit diskinizde uzun bir s\u00fcre veya s\u00fcresiz olarak kal\u0131r.<\/p><p>https:\/\/www.beyazbutik.com.tr\/, \u201cfirst party cookies(\u201cBeyaz Butik\u201d ya da \u201cBB29 Tekstil\u201d)\u2019 veya \u2018\u2019third party cookies\u2019\u2019 (\u00fc\u00e7\u00fcnc\u00fc taraf \u00e7erezleri) kullanmaktad\u0131r. First party cookies \u201cBeyaz Butik\u201d ya da \u201cBB29 Tekstil\u201d taraf\u0131ndan olu\u015fturulurken, \u00a0\u00fc\u00e7\u00fcnc\u00fc taraf \u00e7erezleri ise i\u015fbirli\u011fi yapt\u0131\u011f\u0131m\u0131z \u00fc\u00e7\u00fcnc\u00fc taraf i\u015fletmeler taraf\u0131ndan y\u00f6netilmektedir. \u00a0<\/p><table><tbody><tr><td width=\"138\"><p>\u00c7erez Ad\u0131<\/p><\/td><td width=\"119\"><p>\u00c7erez \u00d6mr\u00fc<\/p><\/td><td width=\"125\"><p>Kullan\u0131m amac\u0131<\/p><\/td><td width=\"115\"><p>Tipi<\/p><\/td><td width=\"107\"><p>Cookie Host<\/p><\/td><\/tr><tr><td width=\"138\"><p>uye_sifre \u00a0<\/p><\/td><td width=\"119\"><p>60 g\u00fcn<\/p><\/td><td width=\"125\"><p>\u015eifre Bilgisi \u2013 Beni hat\u0131rla \u00f6zelli\u011finin do\u011fru \u00e7al\u0131\u015fabilmesi<\/p><\/td><td width=\"115\">\u00a0<\/td><td width=\"107\"><p>Tsoft (Tekrom) \u00a0<\/p><\/td><\/tr><tr><td width=\"138\"><p>uye_sifre_encry \u00a0<\/p><\/td><td width=\"119\"><p>60 g\u00fcn<\/p><\/td><td width=\"125\"><p>\u015eifre Bilgisi \u2013 Beni hat\u0131rla \u00f6zelli\u011finin do\u011fru \u00e7al\u0131\u015fabilmesi<\/p><\/td><td width=\"115\">\u00a0<\/td><td width=\"107\"><p>Tsoft (Tekrom) \u00a0<\/p><\/td><\/tr><tr><td width=\"138\"><p>email \u00a0<\/p><\/td><td width=\"119\"><p>60 g\u00fcn<\/p><\/td><td width=\"125\"><p>E-mail bilgisi \u2013 Beni hat\u0131rla \u00f6zelli\u011finin do\u011fru \u00e7al\u0131\u015fabilmesi<\/p><\/td><td width=\"115\">\u00a0<\/td><td width=\"107\"><p>Tsoft (Tekrom) \u00a0<\/p><\/td><\/tr><tr><td width=\"138\"><p>CookieLaw \u00a0<\/p><\/td><td width=\"119\"><p>15 g\u00fcn \u00a0<\/p><\/td><td width=\"125\"><p>\u00c7erez Politikas\u0131 onay\u0131<\/p><\/td><td width=\"115\">\u00a0<\/td><td width=\"107\"><p>Tsoft (Tekrom) \u00a0<\/p><\/td><\/tr><tr><td width=\"138\"><p>last_products \u00a0<\/p><\/td><td width=\"119\"><p>10 g\u00fcn<\/p><\/td><td width=\"125\"><p>\u0130ncelenen \u00fcr\u00fcnlere ili\u015fkin ziyaret tecr\u00fcbesini iyilel\u015ftirmek<\/p><\/td><td width=\"115\">\u00a0<\/td><td width=\"107\"><p>Tsoft (Tekrom) \u00a0<\/p><\/td><\/tr><tr><td width=\"138\"><p>TSOFT_LOGGED \u00a0<\/p><\/td><td width=\"119\"><p>6 saat<\/p><\/td><td width=\"125\"><p>Kullan\u0131c\u0131n\u0131n \u00fcyeli\u011fini o oturumda yap\u0131p yapmad\u0131\u011f\u0131n\u0131 g\u00f6rmek \u00a0<\/p><\/td><td width=\"115\">\u00a0<\/td><td width=\"107\"><p>Tsoft (Tekrom) \u00a0<\/p><\/td><\/tr><\/tbody><\/table><p><strong>4. \u00c7erez \u0130zniniz ve Kapsam\u0131<\/strong><\/p><p>\u201cBeyaz Butik\u201d ya da \u201cBB29 Tekstil\u201d e-ticaret\u00a0 al\u0131\u015fveri\u015f web siteleri ve bu web siteleri ile ili\u015fkilendirilmi\u015f mobil uygulamalar\u0131 kullarak i\u015fbu \u00e7erez politikas\u0131nda bahsedilen \u00e7erezlerin kullan\u0131lmas\u0131n\u0131 kabul etmi\u015f oluyorsunuz. \u00c7erezleri kabul etmemeniz halinde e-ticaret\u00a0 al\u0131\u015fveri\u015f web siteleri ve bu web siteleri ile ili\u015fkilendirilmi\u015f mobil uygulamalar tasarland\u0131\u011f\u0131 \u015fekilde \u00e7al\u0131\u015fmayabilir veya almay\u0131 umdu\u011funuz \u015fekilde hizmet alman\u0131z m\u00fcmk\u00fcn olmayabilir.\u00c7erez politikam\u0131za ili\u015fkin bu bilgilendirme yaz\u0131s\u0131 web sitemize, mobil uygulamam\u0131z veya ilgili di\u011fer sitelerimize ilk giri\u015finizde ayr\u0131 bir pencerede a\u00e7\u0131lacakt\u0131r. Bu pencerede yer alan Kabul Ediyorum butonuna t\u0131klaman\u0131z, i\u015fbu politikay\u0131 kabul ederek sayfay\u0131 kullanmaya ba\u015flad\u0131\u011f\u0131n\u0131z anlam\u0131na gelmektedir. \u00a0<\/p><p><strong>5. \u00c7erezleri Engelleme<\/strong><\/p><p>\u00c7erezleri ve taray\u0131c\u0131n\u0131z \u00f6nbelli\u011fini temizlemek (kullan\u0131c\u0131 adlar\u0131 ve \u015fifreler gibi) i\u00e7in internet sitesi ayarlar\u0131n\u0131n silinmesi ve t\u00fcm resimlerin yeniden y\u00fcklenmesi gerekir ve bu da sitemiz ve mobil uygulamam\u0131z\u0131n eskisi gibi h\u0131zl\u0131 ve etkin hizmet verememesine sebep olur. Herhangi bir \u00e7erez almak istemiyorsan\u0131z, taray\u0131c\u0131n\u0131z\u0131n ayarlar\u0131n\u0131 \u00e7erez al\u0131nd\u0131\u011f\u0131nda size bildirimde bulunacak \u015fekilde de\u011fi\u015ftirebilir veya \u00e7erezleri tamamen reddedebilirsiniz. Ayr\u0131ca size g\u00f6nderilmi\u015f \u00e7erezleri silebilirsiniz. Cihaz\u0131n\u0131zdaki web taray\u0131c\u0131 \u00e7erezlerini engellemek veya k\u0131s\u0131tlamak isterseniz bu i\u015flemi web taray\u0131c\u0131 ayarlar\u0131n\u0131zdan yapabilirsiniz. Taray\u0131c\u0131n\u0131zda bulunan \u201cYard\u0131m\u201d se\u00e7ene\u011fi web taray\u0131c\u0131 \u00e7erezlerinin engellenmesi ve k\u0131s\u0131tlanmas\u0131yla ilgili bilgiler vermektedir.<\/p><p>Taray\u0131c\u0131lar\u0131n\u0131zda \u00e7erezleri engellemek i\u00e7in a\u015fa\u011f\u0131daki linkleri kullanabilirsiniz:\u00a0<\/p><p><strong>Google Chrome: <\/strong><a href=\"https:\/\/support.google.com\/chrome\/answer\/95647?co=GENIE.Platform%3DDesktop&amp;hl=tr\">https:\/\/support.google.com\/chrome\/answer\/95647?o=GENIE.Platform%3DDesktop&amp;hl=tr <\/a><strong>Mozilla:<\/strong>\u00a0<a href=\"https:\/\/support.mozilla.org\/tr\/kb\/%C3%87erezleri%20engellemek\">https:\/\/support.mozilla.org\/tr\/kb\/%C3%87erezleri%20engellemek<\/a>\u00a0<strong>Internet Explorer:<\/strong>\u00a0<a href=\"https:\/\/support.microsoft.com\/tr-tr\/help\/17442\/windows-internet-explorer-delete-manage-cookies\">https:\/\/support.microsoft.com\/tr-tr\/help\/17442\/windows-internet-explorer-delete-manage-cookies<\/a>\u00a0<strong>Safari:<\/strong> Telefonunuzun \u201cAyarlar\u201d b\u00f6l\u00fcm\u00fcnden \u201csafari\u201d sekmesini se\u00e7ip, \u201cGizlilik ve G\u00fcvenlik\u201d B\u00f6l\u00fcm\u00fcnden t\u00fcm \u00e7erez y\u00f6netiminizi sa\u011flayabilirsiniz. Di\u011fer browserlar i\u00e7in de (Opera, Microsoft Edge gibi), ilgili browser\u2019\u0131n yard\u0131m veya destek sayfalar\u0131n\u0131 inceleyebilirsiniz.<\/p><p>Sitenin \u00e7al\u0131\u015fmas\u0131 i\u00e7in zorunlu olan \u00e7erezlerin silinmesi m\u00fcmk\u00fcn de\u011fildir. Bunun d\u0131\u015f\u0131nda baz\u0131 \u00e7erezleri silmenizde halinde sitemiz ve mobil uygulamam\u0131z\u0131n \u00e7e\u015fitli fonksiyonlar\u0131n\u0131n \u00e7al\u0131\u015fmayabilece\u011fini hat\u0131rlatmak isteriz. \u00c7erezleri farkl\u0131 masa\u00fcst\u00fc bilgisayar taray\u0131c\u0131lar\u0131nda engellemeye ili\u015fkin gerekli bilgilere ve belgelere\u00a0<a href=\"https:\/\/www.esb.org.tr\/cerez-bellek\">https:\/\/www.esb.org.tr\/cerez-bellek<\/a>\u00a0veya\u00a0<a href=\"http:\/\/www.aboutcookies.org\/\">www.aboutcookies.org<\/a>\u00a0adresinden ula\u015fabilir veya \u201c<strong>Privacy Badger<\/strong>\u201d uygulamas\u0131n\u0131 kullanabilirsiniz (<a href=\"https:\/\/www.eff.org\/tr\/privacybadger\">https:\/\/www.eff.org\/tr\/privacybadger<\/a>).<\/p><p>Politika ile ilgili t\u00fcm soru ve g\u00f6r\u00fc\u015flerinizi bize iletmek i\u00e7in Web sitemizde belirtilen e-mail adreslerinden, telefon numaralar\u0131ndan veya Valikona\u011f\u0131 Caddesi No: 30\/1 Ni\u015fanta\u015f\u0131 \u2013 \u0130stanbul adresinden \u201cBeyaz Butik\u201d ya da \u201cBB29 Tekstil\u201d\u2019e ula\u015fabilirsiniz.<\/p>\t\t\t\t\t\t\t\t<\/div>\n\t\t\t\t<\/div>\n\t\t\t\t\t<\/div>\n\t\t<\/div>\n\t\t\t\t<div class=\"elementor-column elementor-col-33 elementor-top-column elementor-element elementor-element-41ca916\" data-id=\"41ca916\" data-element_type=\"column\" data-e-type=\"column\">\n\t\t\t<div class=\"elementor-widget-wrap\">\n\t\t\t\t\t\t\t<\/div>\n\t\t<\/div>\n\t\t\t\t\t<\/div>\n\t\t<\/section>\n\t\t\t\t<\/div>\n\t\t","protected":false},"excerpt":{"rendered":"<p>BB29 TEKST\u0130L \u0130THALAT \u0130HRACAT SAN. LTD. \u015eT\u0130. \u00c7EREZ POL\u0130T\u0130KASI\u00a0BB29 Tekstil \u0130thalat \u0130hracat San. Ltd. \u015eti\u2019nin (bundan sonra\u00a0\u201cBeyaz Butik\u201d ya da \u201cBB29 Tekstil\u201d\u00a0olarak an\u0131lacakt\u0131r) olarak, kullan\u0131c\u0131lar\u0131m\u0131z\u0131n i\u015fbu https:\/\/www.beyazbutik.com.tr\/ arac\u0131l\u0131\u011f\u0131 ile sunulan&hellip;<\/p>\n","protected":false},"author":1,"featured_media":0,"parent":0,"menu_order":0,"comment_status":"closed","ping_status":"closed","template":"","meta":{"footnotes":""},"class_list":["post-22148","page","type-page","status-publish","hentry"],"_links":{"self":[{"href":"https:\/\/beyazbutik.com\/en\/wp-json\/wp\/v2\/pages\/22148","targetHints":{"allow":["GET"]}}],"collection":[{"href":"https:\/\/beyazbutik.com\/en\/wp-json\/wp\/v2\/pages"}],"about":[{"href":"https:\/\/beyazbutik.com\/en\/wp-json\/wp\/v2\/types\/page"}],"author":[{"embeddable":true,"href":"https:\/\/beyazbutik.com\/en\/wp-json\/wp\/v2\/users\/1"}],"replies":[{"embeddable":true,"href":"https:\/\/beyazbutik.com\/en\/wp-json\/wp\/v2\/comments?post=22148"}],"version-history":[{"count":4,"href":"https:\/\/beyazbutik.com\/en\/wp-json\/wp\/v2\/pages\/22148\/revisions"}],"predecessor-version":[{"id":26503,"href":"https:\/\/beyazbutik.com\/en\/wp-json\/wp\/v2\/pages\/22148\/revisions\/26503"}],"wp:attachment":[{"href":"https:\/\/beyazbutik.com\/en\/wp-json\/wp\/v2\/media?parent=22148"}],"curies":[{"name":"wp","href":"https:\/\/api.w.org\/{rel}","templated":true}]}}