{"id":22154,"date":"2021-03-19T20:37:50","date_gmt":"2021-03-19T17:37:50","guid":{"rendered":"https:\/\/beyazbutik.com\/privacy-policy\/"},"modified":"2025-03-01T00:54:01","modified_gmt":"2025-02-28T21:54:01","slug":"privacy-policy","status":"publish","type":"page","link":"https:\/\/beyazbutik.com\/en\/privacy-policy\/","title":{"rendered":"Privacy Policy"},"content":{"rendered":"\t\t<div data-elementor-type=\"wp-page\" data-elementor-id=\"22154\" class=\"elementor elementor-22154 elementor-3\" data-elementor-post-type=\"page\">\n\t\t\t\t\t\t<section class=\"elementor-section elementor-top-section elementor-element elementor-element-a981001 elementor-section-boxed elementor-section-height-default elementor-section-height-default\" data-id=\"a981001\" data-element_type=\"section\" data-e-type=\"section\">\n\t\t\t\t\t\t<div class=\"elementor-container elementor-column-gap-default\">\n\t\t\t\t\t<div class=\"elementor-column elementor-col-33 elementor-top-column elementor-element elementor-element-5c9898e\" data-id=\"5c9898e\" data-element_type=\"column\" data-e-type=\"column\">\n\t\t\t<div class=\"elementor-widget-wrap\">\n\t\t\t\t\t\t\t<\/div>\n\t\t<\/div>\n\t\t\t\t<div class=\"elementor-column elementor-col-33 elementor-top-column elementor-element elementor-element-87044ee\" data-id=\"87044ee\" data-element_type=\"column\" data-e-type=\"column\">\n\t\t\t<div class=\"elementor-widget-wrap elementor-element-populated\">\n\t\t\t\t\t\t<div class=\"elementor-element elementor-element-f09f165 elementor-widget elementor-widget-text-editor\" data-id=\"f09f165\" data-element_type=\"widget\" data-e-type=\"widget\" data-widget_type=\"text-editor.default\">\n\t\t\t\t<div class=\"elementor-widget-container\">\n\t\t\t\t\t\t\t\t\t<p>BB29 Tekstil \u0130thalat \u0130hracat San. Ltd. \u015eti (\u201c<strong>BB29 Tekstil\u201cBeyaz Butik\u201d ya da \u201cBB29 Tekstil<\/strong>\u201d) \u00a0olarak\u00a0 e-ticaret\u00a0 al\u0131\u015fveri\u015f web siteleri ve bu web siteleri ile ili\u015fkilendirilmi\u015f mobil uygulamalardan faydalanan siz de\u011ferli m\u00fc\u015fterilemizin verilerininiz nas\u0131l i\u015fledi\u011fimizi, nas\u0131l korudu\u011fumuzu i\u015fbu metinde a\u00e7\u0131klad\u0131k.<\/p><p><strong>Hangi ki\u015fisel verinizi bize iletiyorsunuz?<\/strong><\/p><p>Ad\u0131n\u0131z \u2013 soyad\u0131n\u0131z gibi kimlik bilgileriniz,<br \/>b) Adresleriniz, e-posta adresiniz ve telefon numaran\u0131z gibi ileti\u015fim bilgileriniz,<br \/>c) Kredi kart\u0131, banka hesab\u0131 gibi finansal bilgileriniz,<br \/>d) Al\u0131\u015fveri\u015f, al\u0131\u015fveri\u015f ge\u00e7mi\u015fi bilgileriniz,<br \/>e) Pazarlama bilgileriniz,<br \/>f) Dilek, \u015fikayet ve itibar y\u00f6netimi bilgileriniz,<\/p><p>Tamamen sizin \u015fahsi tercihiniz do\u011frultusunda a\u00e7\u0131klad\u0131\u011f\u0131n\u0131z ki\u015fisel verileriniz (\u00fcr\u00fcne yorum yapmak, aleni bir \u015fekilde d\u00fc\u015f\u00fcncelerinizi payla\u015fmak, \u00f6neride bulunmak, ad, soyad, cinsiyet, ya\u015f \u00f6rneklerinde oldu\u011fu gibi)payla\u015f\u0131ld\u0131\u011f\u0131nda bu verilerin i\u015flenmesine a\u00e7\u0131k r\u0131za verdi\u011finiz kabul edilir ve bu bilgilerin do\u011frulu\u011funa ili\u015fkin t\u00fcm sorumluluk size aittir.<\/p><p>\u201dBeyaz Butik\u201d ya da \u201cBB29 Tekstil\u201d taraf\u0131ndan, mensup olunan ki\u015fi grubuna ili\u015fkin ayd\u0131nlatma metinlerini KVKK sekmesinde bulabilirsiniz.<\/p><p>\u00c7erez politikam\u0131z kapsam\u0131nda toplad\u0131\u011f\u0131m\u0131z veriler i\u00e7in \u00e7erez politikam\u0131z\u0131 inceleyeniz.<\/p><p><strong>1. Ki\u015fisel verilerinizi neden topluyoruz?<\/strong><\/p><p>Bize iletti\u011finiz verileri i\u015fleyerek sizleri daha yak\u0131ndan tan\u0131yoruz ve ihtiya\u00e7lar\u0131n\u0131z do\u011frultusunda size en iyi kalitede hizmet vermek i\u00e7in \u00fcr\u00fcn ve pazarlama faaliyetlerimizi s\u00fcrekli olarak geli\u015ftiriyoruz. Bu veriler gerek sizler taraf\u0131ndan do\u011frudan bize sa\u011falanmakta gerek internet sitemizi ziyaret ettik\u00e7e \u00e7erezler sayesinde otomatik olarak toplanmaktad\u0131r. Toplanan verileriniz sayesinde sizlerle izin verdi\u011finiz ileti\u015fim vas\u0131talar\u0131 ile irtibata ge\u00e7erek, \u00fcr\u00fcn kataloglar\u0131, \u00fcr\u00fcn tan\u0131t\u0131m ve pazarlamas\u0131na y\u00f6nelik materyaller payla\u015f\u0131yoruz. Gerekti\u011finde sizlere m\u00fc\u015fteri memnuniyeti kapsam\u0131nda telefonla ula\u015f\u0131yoruz ya da dilerseniz sizler web sitemizde ilan edilen telefon numaralar\u0131ndan bizlere ula\u015farak her t\u00fcrl\u00fc talep ve \u015fikayetlerinizi iletebiliyorsunuz. Bu do\u011frultuda ihtiya\u00e7lar\u0131n\u0131z ve hizmet kalitesinin artt\u0131r\u0131labilmesi i\u00e7in istatistiki veriler olu\u015fturmaya, pazar arat\u0131rmas\u0131 yapma, tercihleriniz do\u011frultusunda sizlerin ihtiyac\u0131n\u0131z\u0131 kar\u015f\u0131layacak \u00fcr\u00fcnleri sa\u011flamaya \u00e7al\u0131\u015f\u0131yoruz.<\/p><p>Ki\u015fisel verileriniz izniniz d\u0131\u015f\u0131nda ve yasal zorunluluklar d\u0131\u015f\u0131nda kimseyle payla\u015f\u0131lmaz ve gizli bilgi olarak saklan\u0131r. Bu do\u011frultuda bize iletti\u011finiz her t\u00fcrl\u00fc veri, mevcut teknolojik geli\u015fmeler takip edilerek g\u00fcncel g\u00fcvenlik tedbirleri kapsam\u0131nda korunmaktad\u0131r. Al\u0131nan her t\u00fcrl\u00fc \u00f6nleme ra\u011fmen ki\u015fisel verileriniz yetkisiz ki\u015filerce ele ge\u00e7irilirse derhal \u00fcyemizi ve yetkili makamlar\u0131 durumdan haber ederiz.<\/p><p><strong>2. Ki\u015fisel verilerinizi kimlerle payla\u015f\u0131yoruz?<\/strong><\/p><p>Gerek yukar\u0131da tan\u0131mlanan amac\u0131n ger\u00e7ekle\u015fmesi ve gerek yasal y\u00fck\u00fcml\u00fcl\u00fcklerin yerine getirilmesi amac\u0131yla bilgileriniz \u00e7al\u0131\u015ft\u0131\u011f\u0131m\u0131z tedarik\u00e7iler, i\u015f ortaklar\u0131 ve yetkili ki\u015fi, kurum ve kurulu\u015flar ile payla\u015f\u0131lmaktad\u0131r.<\/p><p><strong>3. \u0130nternet sitesinde 3. Ki\u015filere ili\u015fkin verilen bilgiler<\/strong><\/p><p>Sizlere sundu\u011fumuz hizmetler i\u00e7in \u00fc\u00e7\u00fcnc\u00fc ki\u015filerle de \u00e7al\u0131\u015fmaktay\u0131z. Bu ki\u015filerin gizlilik politikas\u0131 bizim politikam\u0131zdan farkl\u0131 olabilir. Bu sebeple ilgili ki\u015filerin gizlilik politikalar\u0131n\u0131 incelemenizi tavsiye ederiz.<\/p><p><strong>4. Bilgileriniz \u00fczerindeki talepleriniz<\/strong><\/p><p>Her zaman bize ula\u015farak verilerinizin saklanmas\u0131n\u0131 istemedi\u011finizi, silinmesini isteyebilirsiniz. Yasal zorunluluk gerektirmedik\u00e7e verilerinizi saklamaya son verece\u011finiz, silerek eri\u015filmez hale getirece\u011fimizi kabul ederiz. Bize ba\u015fvurarak verilerinizin saklanmas\u0131n\u0131 istemedi\u011finizi belirtmeniz halinde, sistemimizin i\u015fleyi\u015fi i\u00e7in gerekli olmayan ve kanuni y\u00fck\u00fcml\u00fcl\u00fc\u011f\u00fc gere\u011fi saklamak zorunda olmad\u0131\u011f\u0131m\u0131z veya kanunda saklanmas\u0131 i\u00e7in \u00f6ng\u00f6r\u00fclen s\u00fcrelerin sona erdi\u011fi verileri ilgili mevzuatta \u00f6ng\u00f6r\u00fclen ko\u015fullar ve y\u00f6ntemlerle silmeyi, yok etmeyi veya anonimle\u015ftirmeyi taahh\u00fct ederiz.<\/p><p><strong>5. Elektronik posta izniniz<\/strong><\/p><p>Her zaman herhangi bir y\u00fck\u00fcml\u00fcl\u00fck alt\u0131na girmeden elektronik ileti\u015fim posta listemizden \u00e7\u0131kabilir, size reklam ama\u00e7l\u0131 g\u00f6nderdi\u011fimiz elektronik ileti\u015fim ara\u00e7lar\u0131n\u0131n kullan\u0131lmas\u0131na son verilmesini isteyebilirsiniz. Eletronik pazarlama onay metnimizi onaylamadan size reklam\/pazarlama ama\u00e7l\u0131 elektronik posta, SMS vb g\u00f6ndermeyiz.<\/p><p>\u0130\u015fbu gizlilik politikas\u0131nda her zaman BB29 Tekstil \u0130thalat \u0130hracat San. Ltd. \u015eti taraf\u0131ndan \u00f6nceden haber vermeden de\u011fi\u015fiklik yap\u0131labilir ve bu de\u011fi\u015fiklik web sitemizde a\u00e7\u0131klanarak kay\u0131t oldu\u011funuzda belirtti\u011finiz e-mail adresinize g\u00f6nderilir.<\/p>\t\t\t\t\t\t\t\t<\/div>\n\t\t\t\t<\/div>\n\t\t\t\t\t<\/div>\n\t\t<\/div>\n\t\t\t\t<div class=\"elementor-column elementor-col-33 elementor-top-column elementor-element elementor-element-5bc5905\" data-id=\"5bc5905\" data-element_type=\"column\" data-e-type=\"column\">\n\t\t\t<div class=\"elementor-widget-wrap\">\n\t\t\t\t\t\t\t<\/div>\n\t\t<\/div>\n\t\t\t\t\t<\/div>\n\t\t<\/section>\n\t\t\t\t<\/div>\n\t\t","protected":false},"excerpt":{"rendered":"<p>BB29 Tekstil \u0130thalat \u0130hracat San. Ltd. \u015eti (\u201cBB29 Tekstil\u201cBeyaz Butik\u201d ya da \u201cBB29 Tekstil\u201d) \u00a0olarak\u00a0 e-ticaret\u00a0 al\u0131\u015fveri\u015f web siteleri ve bu web siteleri ile ili\u015fkilendirilmi\u015f mobil uygulamalardan faydalanan siz de\u011ferli&hellip;<\/p>\n","protected":false},"author":1,"featured_media":0,"parent":0,"menu_order":0,"comment_status":"closed","ping_status":"closed","template":"","meta":{"footnotes":""},"class_list":["post-22154","page","type-page","status-publish","hentry"],"_links":{"self":[{"href":"https:\/\/beyazbutik.com\/en\/wp-json\/wp\/v2\/pages\/22154","targetHints":{"allow":["GET"]}}],"collection":[{"href":"https:\/\/beyazbutik.com\/en\/wp-json\/wp\/v2\/pages"}],"about":[{"href":"https:\/\/beyazbutik.com\/en\/wp-json\/wp\/v2\/types\/page"}],"author":[{"embeddable":true,"href":"https:\/\/beyazbutik.com\/en\/wp-json\/wp\/v2\/users\/1"}],"replies":[{"embeddable":true,"href":"https:\/\/beyazbutik.com\/en\/wp-json\/wp\/v2\/comments?post=22154"}],"version-history":[{"count":6,"href":"https:\/\/beyazbutik.com\/en\/wp-json\/wp\/v2\/pages\/22154\/revisions"}],"predecessor-version":[{"id":26509,"href":"https:\/\/beyazbutik.com\/en\/wp-json\/wp\/v2\/pages\/22154\/revisions\/26509"}],"wp:attachment":[{"href":"https:\/\/beyazbutik.com\/en\/wp-json\/wp\/v2\/media?parent=22154"}],"curies":[{"name":"wp","href":"https:\/\/api.w.org\/{rel}","templated":true}]}}