{"id":22163,"date":"2021-04-26T23:26:44","date_gmt":"2021-04-26T20:26:44","guid":{"rendered":"https:\/\/beyazbutik.com\/contact-us\/"},"modified":"2025-03-01T01:08:49","modified_gmt":"2025-02-28T22:08:49","slug":"contact-us","status":"publish","type":"page","link":"https:\/\/beyazbutik.com\/en\/contact-us\/","title":{"rendered":"Contact us"},"content":{"rendered":"\t\t<div data-elementor-type=\"wp-page\" data-elementor-id=\"22163\" class=\"elementor elementor-22163 elementor-18830\" data-elementor-post-type=\"page\">\n\t\t\t\t\t\t<section class=\"elementor-section elementor-top-section elementor-element elementor-element-e8251f8 elementor-section-full_width elementor-section-stretched animated-slow elementor-section-height-default elementor-section-height-default elementor-invisible\" data-id=\"e8251f8\" data-element_type=\"section\" data-e-type=\"section\" data-settings=\"{&quot;stretch_section&quot;:&quot;section-stretched&quot;,&quot;animation&quot;:&quot;fadeIn&quot;}\">\n\t\t\t\t\t\t<div class=\"elementor-container elementor-column-gap-no\">\n\t\t\t\t\t<div class=\"elementor-column elementor-col-100 elementor-top-column elementor-element elementor-element-22311a7\" data-id=\"22311a7\" data-element_type=\"column\" data-e-type=\"column\">\n\t\t\t<div class=\"elementor-widget-wrap elementor-element-populated\">\n\t\t\t\t\t\t<div class=\"elementor-element elementor-element-86b7109 elementor-widget elementor-widget-konte-banner\" data-id=\"86b7109\" data-element_type=\"widget\" data-e-type=\"widget\" data-widget_type=\"konte-banner.default\">\n\t\t\t\t<div class=\"elementor-widget-container\">\n\t\t\t\t\t\t\t<div class=\"konte-banner konte-banner--elementor konte-banner--hover-none konte-banner--content-left konte-banner--button-visible-always\">\n\t\t\t\t\t\t\t<a href=\"#\">\n\t\t\t\t\t\t<span class=\"konte-banner__image-wrapper\"><img fetchpriority=\"high\" decoding=\"async\" width=\"1600\" height=\"650\" src=\"https:\/\/beyazbutik.com\/wp-content\/uploads\/2025\/02\/beyazbutik-bize-ulasin-1.jpg\" class=\"attachment-full size-full wp-image-26216\" alt=\"\" srcset=\"https:\/\/beyazbutik.com\/wp-content\/uploads\/2025\/02\/beyazbutik-bize-ulasin-1.jpg 1600w, https:\/\/beyazbutik.com\/wp-content\/uploads\/2025\/02\/beyazbutik-bize-ulasin-1-300x122.jpg 300w, https:\/\/beyazbutik.com\/wp-content\/uploads\/2025\/02\/beyazbutik-bize-ulasin-1-1024x416.jpg 1024w, https:\/\/beyazbutik.com\/wp-content\/uploads\/2025\/02\/beyazbutik-bize-ulasin-1-768x312.jpg 768w, https:\/\/beyazbutik.com\/wp-content\/uploads\/2025\/02\/beyazbutik-bize-ulasin-1-1536x624.jpg 1536w, https:\/\/beyazbutik.com\/wp-content\/uploads\/2025\/02\/beyazbutik-bize-ulasin-1-600x244.jpg 600w\" sizes=\"(max-width: 1600px) 100vw, 1600px\" \/><\/span>\n\t\t\t<div class=\"konte-banner__content konte-banner-content--left\">\n\t\t\t\t\t\t\t\t\t\t\t\t\t<h3 class=\"konte-banner__title konte-banner__text\">CONTACT US<\/h3>\n\t\t\t\t\t\t\t\t\t\t\t\t\t\t\t<\/div>\n\t\t\t\t\t\t\t<\/a>\n\t\t\t\t\t<\/div>\n\t\t\t\t\t\t<\/div>\n\t\t\t\t<\/div>\n\t\t\t\t\t<\/div>\n\t\t<\/div>\n\t\t\t\t\t<\/div>\n\t\t<\/section>\n\t\t\t\t<section class=\"elementor-section elementor-top-section elementor-element elementor-element-a748cb7 elementor-section-boxed elementor-section-height-default elementor-section-height-default\" data-id=\"a748cb7\" data-element_type=\"section\" data-e-type=\"section\">\n\t\t\t\t\t\t<div class=\"elementor-container elementor-column-gap-default\">\n\t\t\t\t\t<div class=\"elementor-column elementor-col-50 elementor-top-column elementor-element elementor-element-b1cfff1\" data-id=\"b1cfff1\" data-element_type=\"column\" data-e-type=\"column\">\n\t\t\t<div class=\"elementor-widget-wrap elementor-element-populated\">\n\t\t\t\t\t\t<div class=\"elementor-element elementor-element-42ac820 elementor-widget elementor-widget-text-editor\" data-id=\"42ac820\" data-element_type=\"widget\" data-e-type=\"widget\" data-widget_type=\"text-editor.default\">\n\t\t\t\t<div class=\"elementor-widget-container\">\n\t\t\t\t\t\t\t\t\t<h5>Appointment<\/h5>\n\t\t\t\t\t\t\t\t<\/div>\n\t\t\t\t<\/div>\n\t\t\t\t<div class=\"elementor-element elementor-element-0e214df elementor-widget elementor-widget-text-editor\" data-id=\"0e214df\" data-element_type=\"widget\" data-e-type=\"widget\" data-widget_type=\"text-editor.default\">\n\t\t\t\t<div class=\"elementor-widget-container\">\n\t\t\t\t\t\t\t\t\t<p>If you would like to make an appointment with us, please <span style=\"text-decoration: underline;\"><a href=\"https:\/\/beyazbutik.com\/en\/book-appoinment\/\">click here.<\/a><\/span><\/p>\n\t\t\t\t\t\t\t\t<\/div>\n\t\t\t\t<\/div>\n\t\t\t\t<div class=\"elementor-element elementor-element-0cc68b8 elementor-widget elementor-widget-text-editor\" data-id=\"0cc68b8\" data-element_type=\"widget\" data-e-type=\"widget\" data-widget_type=\"text-editor.default\">\n\t\t\t\t<div class=\"elementor-widget-container\">\n\t\t\t\t\t\t\t\t\t<h5>Franchise<\/h5>\n\t\t\t\t\t\t\t\t<\/div>\n\t\t\t\t<\/div>\n\t\t\t\t<div class=\"elementor-element elementor-element-c982f88 elementor-widget elementor-widget-text-editor\" data-id=\"c982f88\" data-element_type=\"widget\" data-e-type=\"widget\" data-widget_type=\"text-editor.default\">\n\t\t\t\t<div class=\"elementor-widget-container\">\n\t\t\t\t\t\t\t\t\t<p>If you would like to become a franchisee, please <span style=\"text-decoration: underline;\"><a href=\"https:\/\/beyazbutik.com\/en\/franchise\/\">click here.<\/a><\/span><\/p>\n\t\t\t\t\t\t\t\t<\/div>\n\t\t\t\t<\/div>\n\t\t\t\t<div class=\"elementor-element elementor-element-46799fb elementor-widget elementor-widget-text-editor\" data-id=\"46799fb\" data-element_type=\"widget\" data-e-type=\"widget\" data-widget_type=\"text-editor.default\">\n\t\t\t\t<div class=\"elementor-widget-container\">\n\t\t\t\t\t\t\t\t\t<h5>Address<\/h5>\n\t\t\t\t\t\t\t\t<\/div>\n\t\t\t\t<\/div>\n\t\t\t\t<div class=\"elementor-element elementor-element-f71ced6 elementor-widget elementor-widget-text-editor\" data-id=\"f71ced6\" data-element_type=\"widget\" data-e-type=\"widget\" data-widget_type=\"text-editor.default\">\n\t\t\t\t<div class=\"elementor-widget-container\">\n\t\t\t\t\t\t\t\t\t<p>Harbiye Mah. Valikona\u011f\u0131 Cad. Nizam Palas Apt. No:30\/1<\/p>\n<p>\u015ei\u015fli &#8211; \u0130stanbul<\/p>\n\t\t\t\t\t\t\t\t<\/div>\n\t\t\t\t<\/div>\n\t\t\t\t<div class=\"elementor-element elementor-element-a6ae9f5 elementor-widget elementor-widget-text-editor\" data-id=\"a6ae9f5\" data-element_type=\"widget\" data-e-type=\"widget\" data-widget_type=\"text-editor.default\">\n\t\t\t\t<div class=\"elementor-widget-container\">\n\t\t\t\t\t\t\t\t\t<h5>Email &amp; Phone<\/h5>\n\t\t\t\t\t\t\t\t<\/div>\n\t\t\t\t<\/div>\n\t\t\t\t<div class=\"elementor-element elementor-element-f93f3fd elementor-widget elementor-widget-text-editor\" data-id=\"f93f3fd\" data-element_type=\"widget\" data-e-type=\"widget\" data-widget_type=\"text-editor.default\">\n\t\t\t\t<div class=\"elementor-widget-container\">\n\t\t\t\t\t\t\t\t\t<p><a href=\"mailto:nisantasi@beyazbutik.com\">nisantasi@beyazbutik.com<\/a><\/p>\n<p><a href=\"tel:02122966015\">0212 296 60 15<\/a><\/p>\n\t\t\t\t\t\t\t\t<\/div>\n\t\t\t\t<\/div>\n\t\t\t\t\t<\/div>\n\t\t<\/div>\n\t\t\t\t<div class=\"elementor-column elementor-col-50 elementor-top-column elementor-element elementor-element-dd49fb2\" data-id=\"dd49fb2\" data-element_type=\"column\" data-e-type=\"column\">\n\t\t\t<div class=\"elementor-widget-wrap elementor-element-populated\">\n\t\t\t\t\t\t<div class=\"elementor-element elementor-element-0f17ec0 elementor-widget elementor-widget-text-editor\" data-id=\"0f17ec0\" data-element_type=\"widget\" data-e-type=\"widget\" data-widget_type=\"text-editor.default\">\n\t\t\t\t<div class=\"elementor-widget-container\">\n\t\t\t\t\t\t\t\t\t<p><iframe style=\"border: 0;\" src=\"https:\/\/www.google.com\/maps\/embed?pb=!1m18!1m12!1m3!1d3008.808848932553!2d28.988624311692735!3d41.05130907122504!2m3!1f0!2f0!3f0!3m2!1i1024!2i768!4f13.1!3m3!1m2!1s0x14cab70e851a747f%3A0x91d4036374b2b304!2zQmV5YXogQnV0aWsgTmnFn2FudGHFn8Sx!5e0!3m2!1sen!2str!4v1740251214957!5m2!1sen!2str\" width=\"600\" height=\"750\" allowfullscreen=\"allowfullscreen\"><\/iframe><\/p>\n\t\t\t\t\t\t\t\t<\/div>\n\t\t\t\t<\/div>\n\t\t\t\t\t<\/div>\n\t\t<\/div>\n\t\t\t\t\t<\/div>\n\t\t<\/section>\n\t\t\t\t<\/div>\n\t\t","protected":false},"excerpt":{"rendered":"<p>CONTACT US Appointment If you would like to make an appointment with us, please click here. Franchise If you would like to become a franchisee, please click here. Address Harbiye&hellip;<\/p>\n","protected":false},"author":1,"featured_media":0,"parent":0,"menu_order":0,"comment_status":"closed","ping_status":"closed","template":"","meta":{"footnotes":""},"class_list":["post-22163","page","type-page","status-publish","hentry"],"_links":{"self":[{"href":"https:\/\/beyazbutik.com\/en\/wp-json\/wp\/v2\/pages\/22163","targetHints":{"allow":["GET"]}}],"collection":[{"href":"https:\/\/beyazbutik.com\/en\/wp-json\/wp\/v2\/pages"}],"about":[{"href":"https:\/\/beyazbutik.com\/en\/wp-json\/wp\/v2\/types\/page"}],"author":[{"embeddable":true,"href":"https:\/\/beyazbutik.com\/en\/wp-json\/wp\/v2\/users\/1"}],"replies":[{"embeddable":true,"href":"https:\/\/beyazbutik.com\/en\/wp-json\/wp\/v2\/comments?post=22163"}],"version-history":[{"count":6,"href":"https:\/\/beyazbutik.com\/en\/wp-json\/wp\/v2\/pages\/22163\/revisions"}],"predecessor-version":[{"id":26523,"href":"https:\/\/beyazbutik.com\/en\/wp-json\/wp\/v2\/pages\/22163\/revisions\/26523"}],"wp:attachment":[{"href":"https:\/\/beyazbutik.com\/en\/wp-json\/wp\/v2\/media?parent=22163"}],"curies":[{"name":"wp","href":"https:\/\/api.w.org\/{rel}","templated":true}]}}