{"id":22179,"date":"2021-12-07T22:56:48","date_gmt":"2021-12-07T19:56:48","guid":{"rendered":"https:\/\/beyazbutik.com\/stores\/"},"modified":"2025-03-01T00:31:32","modified_gmt":"2025-02-28T21:31:32","slug":"stores","status":"publish","type":"page","link":"https:\/\/beyazbutik.com\/en\/stores\/","title":{"rendered":"Stores"},"content":{"rendered":"\t\t<div data-elementor-type=\"wp-page\" data-elementor-id=\"22179\" class=\"elementor elementor-22179 elementor-20517\" data-elementor-post-type=\"page\">\n\t\t\t\t\t\t<section class=\"elementor-section elementor-top-section elementor-element elementor-element-a9ccb45 elementor-section-full_width elementor-section-stretched animated-slow elementor-section-height-default elementor-section-height-default elementor-invisible\" data-id=\"a9ccb45\" data-element_type=\"section\" data-e-type=\"section\" data-settings=\"{&quot;stretch_section&quot;:&quot;section-stretched&quot;,&quot;animation&quot;:&quot;fadeIn&quot;}\">\n\t\t\t\t\t\t<div class=\"elementor-container elementor-column-gap-no\">\n\t\t\t\t\t<div class=\"elementor-column elementor-col-100 elementor-top-column elementor-element elementor-element-567fef8\" data-id=\"567fef8\" data-element_type=\"column\" data-e-type=\"column\">\n\t\t\t<div class=\"elementor-widget-wrap elementor-element-populated\">\n\t\t\t\t\t\t<div class=\"elementor-element elementor-element-43b8817 elementor-widget elementor-widget-konte-banner\" data-id=\"43b8817\" data-element_type=\"widget\" data-e-type=\"widget\" data-widget_type=\"konte-banner.default\">\n\t\t\t\t<div class=\"elementor-widget-container\">\n\t\t\t\t\t\t\t<div class=\"konte-banner konte-banner--elementor konte-banner--hover-none konte-banner--content-left konte-banner--button-visible-always\">\n\t\t\t\t\t\t\t<a href=\"#\">\n\t\t\t\t\t\t<span class=\"konte-banner__image-wrapper\"><img fetchpriority=\"high\" decoding=\"async\" width=\"1600\" height=\"650\" src=\"https:\/\/beyazbutik.com\/wp-content\/uploads\/2025\/02\/beyazbutik-magaza-3.jpg\" class=\"attachment-full size-full wp-image-26211\" alt=\"\" srcset=\"https:\/\/beyazbutik.com\/wp-content\/uploads\/2025\/02\/beyazbutik-magaza-3.jpg 1600w, https:\/\/beyazbutik.com\/wp-content\/uploads\/2025\/02\/beyazbutik-magaza-3-300x122.jpg 300w, https:\/\/beyazbutik.com\/wp-content\/uploads\/2025\/02\/beyazbutik-magaza-3-1024x416.jpg 1024w, https:\/\/beyazbutik.com\/wp-content\/uploads\/2025\/02\/beyazbutik-magaza-3-768x312.jpg 768w, https:\/\/beyazbutik.com\/wp-content\/uploads\/2025\/02\/beyazbutik-magaza-3-1536x624.jpg 1536w, https:\/\/beyazbutik.com\/wp-content\/uploads\/2025\/02\/beyazbutik-magaza-3-600x244.jpg 600w\" sizes=\"(max-width: 1600px) 100vw, 1600px\" \/><\/span>\n\t\t\t<div class=\"konte-banner__content konte-banner-content--left\">\n\t\t\t\t\t\t\t\t\t\t\t\t\t<h3 class=\"konte-banner__title konte-banner__text\">STORES<\/h3>\n\t\t\t\t\t\t\t\t\t\t\t\t\t\t\t<\/div>\n\t\t\t\t\t\t\t<\/a>\n\t\t\t\t\t<\/div>\n\t\t\t\t\t\t<\/div>\n\t\t\t\t<\/div>\n\t\t\t\t\t<\/div>\n\t\t<\/div>\n\t\t\t\t\t<\/div>\n\t\t<\/section>\n\t\t\t\t<section class=\"elementor-section elementor-top-section elementor-element elementor-element-ab2c0ae elementor-section-boxed elementor-section-height-default elementor-section-height-default\" data-id=\"ab2c0ae\" data-element_type=\"section\" data-e-type=\"section\">\n\t\t\t\t\t\t<div class=\"elementor-container elementor-column-gap-default\">\n\t\t\t\t\t<div class=\"elementor-column elementor-col-50 elementor-top-column elementor-element elementor-element-bf25c06\" data-id=\"bf25c06\" data-element_type=\"column\" data-e-type=\"column\">\n\t\t\t<div class=\"elementor-widget-wrap elementor-element-populated\">\n\t\t\t\t\t\t<div class=\"elementor-element elementor-element-7ca546c elementor-widget elementor-widget-text-editor\" data-id=\"7ca546c\" data-element_type=\"widget\" data-e-type=\"widget\" data-widget_type=\"text-editor.default\">\n\t\t\t\t<div class=\"elementor-widget-container\">\n\t\t\t\t\t\t\t\t\t<p><strong>N\u0130\u015eANTA\u015eI<\/strong><\/p>\n<p>Harbiye Mah. Valikona\u011f\u0131 Cad. Nizam Palas Apt. No:30\/1<\/p>\n<p>\u015ei\u015fli &#8211; \u0130stanbul<\/p>\n<p><strong>SHOWROOM HOURS<\/strong><\/p>\n<p>Monday &#8211; Sunday 09:00 &#8211; 18:00<\/p>\n<p><strong>CONTACT US<\/strong><\/p>\n<p><a href=\"mailto:nisantasi@beyazbutik.com\">nisantasi@beyazbutik.com<\/a><\/p>\n<p><a href=\"tel:02122966015\">0212 296 60 15<\/a><\/p>\n\t\t\t\t\t\t\t\t<\/div>\n\t\t\t\t<\/div>\n\t\t\t\t\t<\/div>\n\t\t<\/div>\n\t\t\t\t<div class=\"elementor-column elementor-col-50 elementor-top-column elementor-element elementor-element-c98fb27\" data-id=\"c98fb27\" data-element_type=\"column\" data-e-type=\"column\">\n\t\t\t<div class=\"elementor-widget-wrap elementor-element-populated\">\n\t\t\t\t\t\t<div class=\"elementor-element elementor-element-07a9462 elementor-widget elementor-widget-text-editor\" data-id=\"07a9462\" data-element_type=\"widget\" data-e-type=\"widget\" data-widget_type=\"text-editor.default\">\n\t\t\t\t<div class=\"elementor-widget-container\">\n\t\t\t\t\t\t\t\t\t<p><strong>GAZ\u0130ANTEP<\/strong><\/p>\n<p>De\u011firmi\u00e7em Mah. Prof. Muammer Aksoy Bulvar\u0131 Kepkezade Vakf\u0131 Alt\u0131 No:59<\/p>\n<p>\u015eehit Kamil &#8211; Gaziantep<\/p>\n<p><strong>SHOWROOM HOURS<\/strong><\/p>\n<p>Monday &#8211; Sunday 09:00 &#8211; 18:00<\/p>\n<p><strong>CONTACT US<\/strong><\/p>\n<p><a href=\"mailto:gaziantep@beyazbutik.com\">gaziantep@beyazbutik.com<\/a><\/p>\n<p><a href=\"tel:0342 215 09 07\">0342 215 09 07<\/a><\/p>\n\t\t\t\t\t\t\t\t<\/div>\n\t\t\t\t<\/div>\n\t\t\t\t\t<\/div>\n\t\t<\/div>\n\t\t\t\t\t<\/div>\n\t\t<\/section>\n\t\t\t\t<\/div>\n\t\t","protected":false},"excerpt":{"rendered":"<p>STORES N\u0130\u015eANTA\u015eI Harbiye Mah. Valikona\u011f\u0131 Cad. Nizam Palas Apt. No:30\/1 \u015ei\u015fli &#8211; \u0130stanbul SHOWROOM HOURS Monday &#8211; Sunday 09:00 &#8211; 18:00 CONTACT US nisantasi@beyazbutik.com 0212 296 60 15 GAZ\u0130ANTEP De\u011firmi\u00e7em&hellip;<\/p>\n","protected":false},"author":1,"featured_media":0,"parent":0,"menu_order":0,"comment_status":"closed","ping_status":"closed","template":"","meta":{"footnotes":""},"class_list":["post-22179","page","type-page","status-publish","hentry"],"_links":{"self":[{"href":"https:\/\/beyazbutik.com\/en\/wp-json\/wp\/v2\/pages\/22179","targetHints":{"allow":["GET"]}}],"collection":[{"href":"https:\/\/beyazbutik.com\/en\/wp-json\/wp\/v2\/pages"}],"about":[{"href":"https:\/\/beyazbutik.com\/en\/wp-json\/wp\/v2\/types\/page"}],"author":[{"embeddable":true,"href":"https:\/\/beyazbutik.com\/en\/wp-json\/wp\/v2\/users\/1"}],"replies":[{"embeddable":true,"href":"https:\/\/beyazbutik.com\/en\/wp-json\/wp\/v2\/comments?post=22179"}],"version-history":[{"count":5,"href":"https:\/\/beyazbutik.com\/en\/wp-json\/wp\/v2\/pages\/22179\/revisions"}],"predecessor-version":[{"id":26471,"href":"https:\/\/beyazbutik.com\/en\/wp-json\/wp\/v2\/pages\/22179\/revisions\/26471"}],"wp:attachment":[{"href":"https:\/\/beyazbutik.com\/en\/wp-json\/wp\/v2\/media?parent=22179"}],"curies":[{"name":"wp","href":"https:\/\/api.w.org\/{rel}","templated":true}]}}